{"id":5915,"date":"2019-05-10T08:50:34","date_gmt":"2019-05-10T08:50:34","guid":{"rendered":"https:\/\/sigal.com.al\/rreth-nesh\/lajmet\/"},"modified":"2023-03-24T10:59:45","modified_gmt":"2023-03-24T09:59:45","slug":"news","status":"publish","type":"page","link":"https:\/\/sigal.com.al\/en\/about-us\/media\/news\/","title":{"rendered":"News"},"content":{"rendered":"<div class=\"wpb-content-wrapper\">[vc_section full_width=&#8221;stretch_row&#8221; css=&#8221;.vc_custom_1679573626747{margin-top: -40px !important;margin-bottom: -40px !important;background-color: #ffffff !important;background-position: center !important;background-repeat: no-repeat !important;background-size: cover !important;}&#8221;][vc_row][vc_column][vc_empty_space][\/vc_column][\/vc_row][vc_row css=&#8221;.vc_custom_1679563520129{padding-top: 20px !important;padding-right: 20px !important;padding-bottom: 20px !important;padding-left: 20px !important;}&#8221;][vc_column width=&#8221;1\/6&#8243;][\/vc_column][vc_column width=&#8221;2\/6&#8243;][vc_custom_heading text=&#8221;News&#8221; font_container=&#8221;tag:h1|font_size:2.5rem|text_align:left|color:%23005ca9|line_height:48px&#8221; use_theme_fonts=&#8221;yes&#8221; el_class=&#8221;titulli-heading&#8221;][\/vc_column][vc_column width=&#8221;2\/6&#8243;][vc_row_inner disable_element=&#8221;yes&#8221; css=&#8221;.vc_custom_1679585193213{margin-top: 10px !important;}&#8221;][vc_column_inner width=&#8221;1\/2&#8243;][vc_wp_archives title=&#8221;&#8221; options=&#8221;dropdown&#8221;][\/vc_column_inner][vc_column_inner width=&#8221;1\/2&#8243;][vc_wp_categories title=&#8221;&#8221; options=&#8221;dropdown&#8221;][\/vc_column_inner][\/vc_row_inner][\/vc_column][vc_column width=&#8221;1\/6&#8243;][\/vc_column][\/vc_row][vc_row][vc_column width=&#8221;1\/6&#8243;][\/vc_column][vc_column width=&#8221;4\/6&#8243; offset=&#8221;vc_hidden-sm vc_hidden-xs&#8221;][vc_basic_grid post_type=&#8221;post&#8221; max_items=&#8221;1&#8243; element_width=&#8221;12&#8243; gap=&#8221;0&#8243; item=&#8221;16462&#8243; initial_loading_animation=&#8221;none&#8221; grid_id=&#8221;vc_gid:1679651941495-b35cba6c-c815-4&#8243; taxonomies=&#8221;188&#8243; css=&#8221;.vc_custom_1679651715170{margin-top: 0px !important;margin-bottom: 0px !important;}&#8221;][\/vc_column][vc_column width=&#8221;1\/6&#8243;][\/vc_column][\/vc_row][vc_row][vc_column width=&#8221;1\/6&#8243;][\/vc_column][vc_column width=&#8221;4\/6&#8243; offset=&#8221;vc_hidden-lg vc_hidden-md&#8221;][vc_basic_grid post_type=&#8221;post&#8221; max_items=&#8221;1&#8243; element_width=&#8221;12&#8243; gap=&#8221;0&#8243; item=&#8221;16464&#8243; initial_loading_animation=&#8221;none&#8221; grid_id=&#8221;vc_gid:1679651941497-628a02ae-6000-9&#8243; taxonomies=&#8221;188&#8243; css=&#8221;.vc_custom_1679651723034{margin-top: 0px !important;margin-bottom: 0px !important;}&#8221;][\/vc_column][vc_column width=&#8221;1\/6&#8243;][\/vc_column][\/vc_row][vc_row][vc_column width=&#8221;1\/6&#8243;][\/vc_column][vc_column width=&#8221;4\/6&#8243;][vc_basic_grid post_type=&#8221;post&#8221; max_items=&#8221;-1&#8243; style=&#8221;pagination&#8221; items_per_page=&#8221;9&#8243; gap=&#8221;20&#8243; paging_design=&#8221;pagination_square_dark&#8221; paging_color=&#8221;green&#8221; loop=&#8221;yes&#8221; item=&#8221;16460&#8243; initial_loading_animation=&#8221;none&#8221; grid_id=&#8221;vc_gid:1679651941498-a2a65640-e0ba-7&#8243; taxonomies=&#8221;52&#8243;][\/vc_column][vc_column width=&#8221;1\/6&#8243;][\/vc_column][\/vc_row][vc_row full_width=&#8221;stretch_row&#8221; css=&#8221;.vc_custom_1679646261453{padding-bottom: 20px !important;background-color: #005ca9 !important;}&#8221;][vc_column width=&#8221;1\/6&#8243;][\/vc_column][vc_column width=&#8221;4\/6&#8243;][vc_custom_heading text=&#8221;Documents (1)&#8221; font_container=&#8221;tag:h1|font_size:2.0625rem|text_align:left|color:%23ffffff|line_height:2.5rem&#8221; use_theme_fonts=&#8221;yes&#8221; el_class=&#8221;titulli-heading&#8221; css=&#8221;.vc_custom_1679651740070{margin-top: -20px !important;}&#8221;][vc_custom_heading text=&#8221;See all the details in our whitepapers:&#8221; font_container=&#8221;tag:h1|font_size:16px|text_align:left|color:%23e2e8f0|line_height:1.5rem&#8221; use_theme_fonts=&#8221;yes&#8221;][vc_row_inner css=&#8221;.vc_custom_1679646064442{margin-top: 5px !important;margin-right: 5px !important;margin-bottom: 5px !important;margin-left: 5px !important;padding-top: 0px !important;padding-right: 0px !important;padding-bottom: 0px !important;padding-left: 0px !important;background-color: #ffffff !important;}&#8221; el_class=&#8221;borderat&#8221;][vc_column_inner css=&#8221;.vc_custom_1678719545188{padding-top: 0px !important;padding-right: 0px !important;padding-bottom: 0px !important;padding-left: 0px !important;}&#8221;]<div class=\"evc-icon-with-text evc-shortcode titulli-heading evc-iwt-icon-left\">\n\t<div class=\"evc-iwt-icon-holder\">\n\t\t<img loading=\"lazy\" decoding=\"async\" width=\"64\" height=\"64\" src=\"https:\/\/sigal.com.al\/wp-content\/uploads\/2023\/03\/a6cdaa4c.svg\" class=\"attachment-full size-full\" alt=\"\" srcset=\"https:\/\/sigal.com.al\/wp-content\/uploads\/\/2023\/03\/a6cdaa4c.svg 150w, https:\/\/sigal.com.al\/wp-content\/uploads\/\/2023\/03\/a6cdaa4c.svg 300w, https:\/\/sigal.com.al\/wp-content\/uploads\/\/2023\/03\/a6cdaa4c.svg 1024w, https:\/\/sigal.com.al\/wp-content\/uploads\/\/2023\/03\/a6cdaa4c.svg 1536w, https:\/\/sigal.com.al\/wp-content\/uploads\/\/2023\/03\/a6cdaa4c.svg 2048w, https:\/\/sigal.com.al\/wp-content\/uploads\/\/2023\/03\/a6cdaa4c.svg 45w, https:\/\/sigal.com.al\/wp-content\/uploads\/\/2023\/03\/a6cdaa4c.svg 64w\" sizes=\"auto, (max-width: 64px) 100vw, 64px\" \/>\t<\/div>\n\t<div class=\"evc-iwt-content\">\n\t\t\t<h4 class=\"evc-iwt-title\" style=\"color: #005ca9\">\n\t\t\t\t\t<a class=\"evc-iwt-link\" href=\"\/wp-content\/uploads\/2019\/05\/arkiva_njoftime-per-shtyp.pdf\" target=\"_blank\">\n\t\t\t\t\tNews Archive\t\t\t\t\t<\/a>\n\t\t\t<\/h4>\n\t<\/div>\n<\/div>\n[\/vc_column_inner][\/vc_row_inner][\/vc_column][vc_column width=&#8221;1\/6&#8243;][\/vc_column][\/vc_row][vc_row full_width=&#8221;stretch_row&#8221; gap=&#8221;20&#8243; css=&#8221;.vc_custom_1678874345619{background-color: #0d3d61 !important;}&#8221;][vc_column width=&#8221;1\/6&#8243;][\/vc_column][vc_column width=&#8221;2\/6&#8243;][vc_custom_heading text=&#8221;You have more questions?<br \/>\nWe are here to answer them&#8221; font_container=&#8221;tag:h2|font_size:2.0625rem|text_align:left|color:%23ffffff|line_height:2.5rem&#8221; use_theme_fonts=&#8221;yes&#8221; el_class=&#8221;titulli-heading&#8221;][vc_custom_heading text=&#8221;Our team of specialists will help you to:&#8221; font_container=&#8221;tag:p|font_size:16px|text_align:left|color:%23e2e8f0&#8243; use_theme_fonts=&#8221;yes&#8221; css=&#8221;.vc_custom_1679041993888{margin-bottom: 40px !important;}&#8221;]\n\t\t<div class=\"basel-list color-scheme-light basel-text-size-large basel-list-type-icon basel-list-style-default \" id=\"basel-list-id-69d6e38267f6e\">\n\t\t\t<ul>\n\t\t\t\t\t\t\t\t\t\t\t\t\t\t<li>\n\t\t\t\t\t\t\t\t\t\t\t\t\t<div class=\"list-icon fas fa-check-circle\"><\/div>\n\t\t\t\t\t\t\t\t\t\t\t\t<span class=\"list-content\">Learn about our product packages and benefits<\/span>\n\t\t\t\t\t<\/li>\n\t\t\t\t\t\t\t\t\t\t\t\t\t\t<li>\n\t\t\t\t\t\t\t\t\t\t\t\t\t<div class=\"list-icon fas fa-check-circle\"><\/div>\n\t\t\t\t\t\t\t\t\t\t\t\t<span class=\"list-content\">Get an individual offer<\/span>\n\t\t\t\t\t<\/li>\n\t\t\t\t\t\t\t\t\t\t\t\t\t\t<li>\n\t\t\t\t\t\t\t\t\t\t\t\t\t<div class=\"list-icon fas fa-check-circle\"><\/div>\n\t\t\t\t\t\t\t\t\t\t\t\t<span class=\"list-content\">Schedule a personal meeting<\/span>\n\t\t\t\t\t<\/li>\n\t\t\t\t\t\t\t\t\t\t\t\t\t\t<li>\n\t\t\t\t\t\t\t\t\t\t\t\t\t<div class=\"list-icon fas fa-check-circle\"><\/div>\n\t\t\t\t\t\t\t\t\t\t\t\t<span class=\"list-content\">Choose the right service for you<\/span>\n\t\t\t\t\t<\/li>\n\t\t\t\t\t\t\t<\/ul>\n\n\t\t\t<style>\n\t\t\t\t#basel-list-id-69d6e38267f6e .list-icon {\n\n                    color: #2da679;\n                }   \n                   \n                \t\t\t\t\/* *\/\n\t\t\t<\/style>\n\t\t<\/div>\n\t\t\n\t\t[vc_separator color=&#8221;custom&#8221; align=&#8221;align_left&#8221; accent_color=&#8221;#e2e8f0&#8243;][vc_custom_heading text=&#8221;Toll free 0800 31 31&#8243; font_container=&#8221;tag:h2|font_size:1.75rem|text_align:left|color:%23ffffff|line_height:35px&#8221; use_theme_fonts=&#8221;yes&#8221; el_class=&#8221;titulli-heading&#8221; css=&#8221;.vc_custom_1679043144297{margin-bottom: 20px !important;}&#8221;][vc_row_inner gap=&#8221;5&#8243; css=&#8221;.vc_custom_1678872421615{margin-bottom: 20px !important;}&#8221;][vc_column_inner width=&#8221;1\/3&#8243;]<div class=\"basel-button-wrapper text-left\"><a href=\"telto:+35542233308\" title=\"\" class=\"btn btn-color-white btn-style-bordered btn-size-default\">+355 4 22 333 08<\/a><\/div>[\/vc_column_inner][vc_column_inner width=&#8221;1\/3&#8243;]<div class=\"basel-button-wrapper text-left\"><a href=\"https:\/\/wa.me\/355686062829\" title=\"\" class=\"btn btn-color-white btn-style-bordered btn-size-default\">+355 68 606 2829<\/a><\/div>[\/vc_column_inner][vc_column_inner width=&#8221;1\/3&#8243;]<div class=\"basel-button-wrapper text-left\"><a href=\"\/sherbime-dhe-kontakte\/agjentet-e-sigal\/\" title=\"\" class=\"btn btn-color-white btn-style-bordered btn-size-default\">SIGAL OFFICES<\/a><\/div>[\/vc_column_inner][\/vc_row_inner][\/vc_column][vc_column width=&#8221;2\/6&#8243; css=&#8221;.vc_custom_1678871840501{margin-top: 40px !important;padding-top: 40px !important;padding-bottom: 40px !important;background-color: #eef2fa !important;}&#8221;]\n<div class=\"wpcf7 no-js\" id=\"wpcf7-f16537-o1\" lang=\"en-US\" dir=\"ltr\" data-wpcf7-id=\"16537\">\n<div class=\"screen-reader-response\"><p role=\"status\" aria-live=\"polite\" aria-atomic=\"true\"><\/p> <ul><\/ul><\/div>\n<form action=\"\/en\/wp-json\/wp\/v2\/pages\/5915#wpcf7-f16537-o1\" method=\"post\" class=\"wpcf7-form init\" aria-label=\"Contact form\" novalidate=\"novalidate\" data-status=\"init\">\n<fieldset class=\"hidden-fields-container\"><input type=\"hidden\" name=\"_wpcf7\" value=\"16537\" \/><input type=\"hidden\" name=\"_wpcf7_version\" value=\"6.1.5\" \/><input type=\"hidden\" name=\"_wpcf7_locale\" value=\"en_US\" \/><input type=\"hidden\" name=\"_wpcf7_unit_tag\" value=\"wpcf7-f16537-o1\" \/><input type=\"hidden\" name=\"_wpcf7_container_post\" value=\"0\" \/><input type=\"hidden\" name=\"_wpcf7_posted_data_hash\" value=\"\" \/>\n<\/fieldset>\n<div class=\"wpcf7-turnstile cf-turnstile\" data-sitekey=\"0x4AAAAAACKGcnrqisWxcxWh\" data-response-field-name=\"_wpcf7_turnstile_response\"><\/div>\n\n<div class=\"row\">\n\t<div class=\"col-md-12\">\n\t\t<p class=\"text-contact-form-new\">Name *\n\t\t<\/p>\n\t\t<p><span class=\"wpcf7-form-control-wrap\" data-name=\"text-4\"><input size=\"40\" maxlength=\"400\" class=\"wpcf7-form-control wpcf7-text wpcf7-validates-as-required\" aria-required=\"true\" aria-invalid=\"false\" placeholder=\"your name\" value=\"\" type=\"text\" name=\"text-4\" \/><\/span>\n\t\t<\/p>\n\t<\/div>\n\t<div class=\"col-md-12\">\n\t\t<p class=\"text-contact-form-new\">E-Mail *\n\t\t<\/p>\n\t\t<p><span class=\"wpcf7-form-control-wrap\" data-name=\"email-4\"><input size=\"40\" maxlength=\"400\" class=\"wpcf7-form-control wpcf7-email wpcf7-validates-as-required wpcf7-text wpcf7-validates-as-email\" aria-required=\"true\" aria-invalid=\"false\" placeholder=\"your e-mail\" value=\"\" type=\"email\" name=\"email-4\" \/><\/span>\n\t\t<\/p>\n\t<\/div>\n\t<div class=\"col-md-12\">\n\t\t<p class=\"text-contact-form-new\">No. Mobile *\n\t\t<\/p>\n\t\t<p><span class=\"wpcf7-form-control-wrap\" data-name=\"tel-4\"><input size=\"40\" maxlength=\"400\" class=\"wpcf7-form-control wpcf7-tel wpcf7-validates-as-required wpcf7-text wpcf7-validates-as-tel\" aria-required=\"true\" aria-invalid=\"false\" placeholder=\"your phone number\" value=\"\" type=\"tel\" name=\"tel-4\" \/><\/span>\n\t\t<\/p>\n\t<\/div>\n<\/div>\n<p class=\"forma-kontakt\"><input class=\"wpcf7-form-control wpcf7-submit has-spinner btn btn-color-alt\" type=\"submit\" value=\"Contact Me\" \/>\n<\/p>\n<p class=\"text-contact-form-new-end\">Your personal data will only be used for the purpose of providing additional information about SIGAL UNIQA products\n<\/p><p style=\"display: none !important;\" class=\"akismet-fields-container\" data-prefix=\"_wpcf7_ak_\"><label>&#916;<textarea name=\"_wpcf7_ak_hp_textarea\" cols=\"45\" rows=\"8\" maxlength=\"100\"><\/textarea><\/label><input type=\"hidden\" id=\"ak_js_1\" name=\"_wpcf7_ak_js\" value=\"98\"\/><script>document.getElementById( \"ak_js_1\" ).setAttribute( \"value\", ( new Date() ).getTime() );<\/script><\/p><div class=\"wpcf7-response-output\" aria-hidden=\"true\"><\/div>\n<\/form>\n<\/div>\n[\/vc_column][vc_column width=&#8221;1\/6&#8243;][\/vc_column][\/vc_row][\/vc_section]\n<\/div>","protected":false},"excerpt":{"rendered":"<p>[vc_section full_width=&#8221;stretch_row&#8221; css=&#8221;.vc_custom_1679573626747{margin-top: -40px !important;margin-bottom: -40px !important;background-color: #ffffff !important;background-position: center !important;background-repeat: no-repeat !important;background-size: cover !important;}&#8221;][vc_row][vc_column][vc_empty_space][\/vc_column][\/vc_row][vc_row css=&#8221;.vc_custom_1679563520129{padding-top: 20px !important;padding-right: 20px !important;padding-bottom:<\/p>\n","protected":false},"author":1,"featured_media":16445,"parent":5473,"menu_order":0,"comment_status":"closed","ping_status":"closed","template":"","meta":{"footnotes":""},"class_list":["post-5915","page","type-page","status-publish","has-post-thumbnail","hentry"],"yoast_head":"<!-- This site is optimized with the Yoast SEO plugin v27.3 - https:\/\/yoast.com\/product\/yoast-seo-wordpress\/ -->\n<title>News - SIGAL INSURANCE GROUP<\/title>\n<meta name=\"description\" content=\"K\u00ebtu mund t\u00eb informoheni mbi t\u00eb rejat edhe aktivitetet e fundit nga SIGAL UNIQA.\" \/>\n<meta name=\"robots\" content=\"index, follow, max-snippet:-1, max-image-preview:large, max-video-preview:-1\" \/>\n<link rel=\"canonical\" href=\"https:\/\/sigal.com.al\/en\/about-us\/media\/news\/\" \/>\n<meta property=\"og:locale\" content=\"en_US\" \/>\n<meta property=\"og:type\" content=\"article\" \/>\n<meta property=\"og:title\" content=\"News - SIGAL INSURANCE GROUP\" \/>\n<meta property=\"og:description\" content=\"K\u00ebtu mund t\u00eb informoheni mbi t\u00eb rejat edhe aktivitetet e fundit nga SIGAL UNIQA.\" \/>\n<meta property=\"og:url\" content=\"https:\/\/sigal.com.al\/en\/about-us\/media\/news\/\" \/>\n<meta property=\"og:site_name\" content=\"SIGAL INSURANCE GROUP\" \/>\n<meta property=\"article:publisher\" content=\"https:\/\/www.facebook.com\/sigal.insurance\" \/>\n<meta property=\"article:modified_time\" content=\"2023-03-24T09:59:45+00:00\" \/>\n<meta property=\"og:image\" content=\"https:\/\/sigal.com.al\/wp-content\/uploads\/2023\/03\/719790a3.jpg\" \/>\n\t<meta property=\"og:image:width\" content=\"2000\" \/>\n\t<meta property=\"og:image:height\" content=\"1126\" \/>\n\t<meta property=\"og:image:type\" content=\"image\/jpeg\" \/>\n<meta name=\"twitter:card\" content=\"summary_large_image\" \/>\n<meta name=\"twitter:site\" content=\"@sigal_group\" \/>\n<meta name=\"twitter:label1\" content=\"Est. reading time\" \/>\n\t<meta name=\"twitter:data1\" content=\"2 minutes\" \/>\n<!-- \/ Yoast SEO plugin. -->","yoast_head_json":{"title":"News - SIGAL INSURANCE GROUP","description":"K\u00ebtu mund t\u00eb informoheni mbi t\u00eb rejat edhe aktivitetet e fundit nga SIGAL UNIQA.","robots":{"index":"index","follow":"follow","max-snippet":"max-snippet:-1","max-image-preview":"max-image-preview:large","max-video-preview":"max-video-preview:-1"},"canonical":"https:\/\/sigal.com.al\/en\/about-us\/media\/news\/","og_locale":"en_US","og_type":"article","og_title":"News - SIGAL INSURANCE GROUP","og_description":"K\u00ebtu mund t\u00eb informoheni mbi t\u00eb rejat edhe aktivitetet e fundit nga SIGAL UNIQA.","og_url":"https:\/\/sigal.com.al\/en\/about-us\/media\/news\/","og_site_name":"SIGAL INSURANCE GROUP","article_publisher":"https:\/\/www.facebook.com\/sigal.insurance","article_modified_time":"2023-03-24T09:59:45+00:00","og_image":[{"width":2000,"height":1126,"url":"https:\/\/sigal.com.al\/wp-content\/uploads\/2023\/03\/719790a3.jpg","type":"image\/jpeg"}],"twitter_card":"summary_large_image","twitter_site":"@sigal_group","twitter_misc":{"Est. reading time":"2 minutes"},"schema":{"@context":"https:\/\/schema.org","@graph":[{"@type":"WebPage","@id":"https:\/\/sigal.com.al\/en\/about-us\/media\/news\/","url":"https:\/\/sigal.com.al\/en\/about-us\/media\/news\/","name":"News - SIGAL INSURANCE GROUP","isPartOf":{"@id":"https:\/\/sigal.com.al\/en\/#website"},"primaryImageOfPage":{"@id":"https:\/\/sigal.com.al\/en\/about-us\/media\/news\/#primaryimage"},"image":{"@id":"https:\/\/sigal.com.al\/en\/about-us\/media\/news\/#primaryimage"},"thumbnailUrl":"https:\/\/sigal.com.al\/wp-content\/uploads\/2023\/03\/719790a3.jpg","datePublished":"2019-05-10T08:50:34+00:00","dateModified":"2023-03-24T09:59:45+00:00","description":"K\u00ebtu mund t\u00eb informoheni mbi t\u00eb rejat edhe aktivitetet e fundit nga SIGAL UNIQA.","breadcrumb":{"@id":"https:\/\/sigal.com.al\/en\/about-us\/media\/news\/#breadcrumb"},"inLanguage":"en-US","potentialAction":[{"@type":"ReadAction","target":["https:\/\/sigal.com.al\/en\/about-us\/media\/news\/"]}]},{"@type":"ImageObject","inLanguage":"en-US","@id":"https:\/\/sigal.com.al\/en\/about-us\/media\/news\/#primaryimage","url":"https:\/\/sigal.com.al\/wp-content\/uploads\/2023\/03\/719790a3.jpg","contentUrl":"https:\/\/sigal.com.al\/wp-content\/uploads\/2023\/03\/719790a3.jpg","width":2000,"height":1126},{"@type":"BreadcrumbList","@id":"https:\/\/sigal.com.al\/en\/about-us\/media\/news\/#breadcrumb","itemListElement":[{"@type":"ListItem","position":1,"name":"Kreu","item":"https:\/\/sigal.com.al\/en\/"},{"@type":"ListItem","position":2,"name":"About Us","item":"https:\/\/sigal.com.al\/en\/about-us\/"},{"@type":"ListItem","position":3,"name":"Media","item":"https:\/\/sigal.com.al\/en\/about-us\/media\/"},{"@type":"ListItem","position":4,"name":"News"}]},{"@type":"WebSite","@id":"https:\/\/sigal.com.al\/en\/#website","url":"https:\/\/sigal.com.al\/en\/","name":"SIGAL INSURANCE GROUP","description":"Kompania nr. 1 e sigurimeve","publisher":{"@id":"https:\/\/sigal.com.al\/en\/#organization"},"potentialAction":[{"@type":"SearchAction","target":{"@type":"EntryPoint","urlTemplate":"https:\/\/sigal.com.al\/en\/?s={search_term_string}"},"query-input":{"@type":"PropertyValueSpecification","valueRequired":true,"valueName":"search_term_string"}}],"inLanguage":"en-US"},{"@type":"Organization","@id":"https:\/\/sigal.com.al\/en\/#organization","name":"SIGAL INSURANCE GROUP","url":"https:\/\/sigal.com.al\/en\/","logo":{"@type":"ImageObject","inLanguage":"en-US","@id":"https:\/\/sigal.com.al\/en\/#\/schema\/logo\/image\/","url":"https:\/\/sigal.com.al\/wp-content\/uploads\/2025\/11\/b20f4b8d.jpg","contentUrl":"https:\/\/sigal.com.al\/wp-content\/uploads\/2025\/11\/b20f4b8d.jpg","width":2048,"height":2048,"caption":"SIGAL INSURANCE GROUP"},"image":{"@id":"https:\/\/sigal.com.al\/en\/#\/schema\/logo\/image\/"},"sameAs":["https:\/\/www.facebook.com\/sigal.insurance","https:\/\/x.com\/sigal_group","https:\/\/www.instagram.com\/sigal_insurance_group\/","https:\/\/www.linkedin.com\/company\/sigal-insurance-group\/","https:\/\/www.youtube.com\/@SIGALInsuranceGroup","https:\/\/en.wikipedia.org\/wiki\/SIGAL_(insurance_company)"]}]}},"post_mailing_queue_ids":[],"_links":{"self":[{"href":"https:\/\/sigal.com.al\/en\/wp-json\/wp\/v2\/pages\/5915","targetHints":{"allow":["GET"]}}],"collection":[{"href":"https:\/\/sigal.com.al\/en\/wp-json\/wp\/v2\/pages"}],"about":[{"href":"https:\/\/sigal.com.al\/en\/wp-json\/wp\/v2\/types\/page"}],"author":[{"embeddable":true,"href":"https:\/\/sigal.com.al\/en\/wp-json\/wp\/v2\/users\/1"}],"replies":[{"embeddable":true,"href":"https:\/\/sigal.com.al\/en\/wp-json\/wp\/v2\/comments?post=5915"}],"version-history":[{"count":0,"href":"https:\/\/sigal.com.al\/en\/wp-json\/wp\/v2\/pages\/5915\/revisions"}],"up":[{"embeddable":true,"href":"https:\/\/sigal.com.al\/en\/wp-json\/wp\/v2\/pages\/5473"}],"wp:featuredmedia":[{"embeddable":true,"href":"https:\/\/sigal.com.al\/en\/wp-json\/wp\/v2\/media\/16445"}],"wp:attachment":[{"href":"https:\/\/sigal.com.al\/en\/wp-json\/wp\/v2\/media?parent=5915"}],"curies":[{"name":"wp","href":"https:\/\/api.w.org\/{rel}","templated":true}]}}