{"id":5749,"date":"2019-05-23T12:23:47","date_gmt":"2019-05-23T12:23:47","guid":{"rendered":"https:\/\/sigal.com.al\/rreth-nesh\/shqiperia-live\/"},"modified":"2019-07-31T09:21:23","modified_gmt":"2019-07-31T09:21:23","slug":"shqiperia-live","status":"publish","type":"page","link":"https:\/\/sigal.com.al\/en\/about-us\/shqiperia-live\/","title":{"rendered":"Albania Live"},"content":{"rendered":"<div class=\"wpb-content-wrapper\">[vc_section css=&#8221;.vc_custom_1558133598430{margin-top: -40px !important;background-color: #ffffff !important;background-position: center !important;background-repeat: no-repeat !important;background-size: cover !important;}&#8221;][vc_row][vc_column width=&#8221;4\/6&#8243;][vc_raw_html css=&#8221;.vc_custom_1557987033164{margin-top: 10px !important;}&#8221;]JTVCd3BzZW9fYnJlYWRjcnVtYiU1RA==[\/vc_raw_html][vc_row_inner css=&#8221;.vc_custom_1557988050611{margin-top: 5px !important;}&#8221; el_class=&#8221;text-with-icon-header&#8221;][vc_column_inner width=&#8221;1\/4&#8243; offset=&#8221;vc_col-md-1 vc_col-xs-2&#8243;][vc_icon icon_fontawesome=&#8221;fa fa-television&#8221; color=&#8221;black&#8221; size=&#8221;lg&#8221;][\/vc_column_inner][vc_column_inner width=&#8221;3\/4&#8243;][vc_custom_heading text=&#8221;Albania Live&#8221; font_container=&#8221;tag:h1|font_size:27px|text_align:left|line_height:42px&#8221; use_theme_fonts=&#8221;yes&#8221; css=&#8221;.vc_custom_1564564766272{margin-top: 10px !important;margin-right: 0px !important;margin-bottom: 0px !important;}&#8221;][\/vc_column_inner][\/vc_row_inner][vc_row_inner][vc_column_inner][vc_custom_heading text=&#8221;To bring Albania closer to our Albanians across the globe, we have implemented the unique ALBANIA LIVE platform where all cities of Albania can be watched 24 hours and obtain insurance and other information.&#8221; font_container=&#8221;tag:p|font_size:14px|text_align:left&#8221; use_theme_fonts=&#8221;yes&#8221; el_class=&#8221;text-above-heading&#8221;][\/vc_column_inner][\/vc_row_inner][\/vc_column][vc_column width=&#8221;2\/6&#8243;][vc_row_inner][vc_column_inner][\/vc_column_inner][\/vc_row_inner][vc_row_inner][vc_column_inner][\/vc_column_inner][\/vc_row_inner][vc_row_inner][vc_column_inner][\/vc_column_inner][\/vc_row_inner][\/vc_column][\/vc_row][vc_row][vc_column width=&#8221;1\/4&#8243;][\/vc_column][vc_column width=&#8221;1\/2&#8243;][vc_raw_html]JTNDZGl2JTIwY2xhc3MlM0QlMjJ2aWRlb1dyYXBwZXIlMjIlM0UlM0NpZnJhbWUlMjB3aWR0aCUzRCUyMjMwMCUyMiUyMGhlaWdodCUzRCUyMjMxNSUyMiUyMHNyYyUzRCUyMmh0dHBzJTNBJTJGJTJGd3d3LnlvdXR1YmUuY29tJTJGZW1iZWQlMkZsaXZlX3N0cmVhbSUzRmNoYW5uZWwlM0RVQ0JQYnRlLUNYNzhZQjRyb1dfcllxSHclMjIlMjBmcmFtZWJvcmRlciUzRCUyMjAlMjIlMjBhbGxvd2Z1bGxzY3JlZW4lM0UlM0MlMkZpZnJhbWUlM0UlMEElM0MlMkZkaXYlM0UlMEElM0NzdHlsZSUzRSUwQS52aWRlb1dyYXBwZXIlMjAlN0IlMEElMDlwb3NpdGlvbiUzQSUyMHJlbGF0aXZlJTNCJTBBJTA5cGFkZGluZy1ib3R0b20lM0ElMjA1Ni4yNSUyNSUzQiUyMCUyRiUyQSUyMDE2JTNBOSUyMCUyQSUyRiUwQSUwOXBhZGRpbmctdG9wJTNBJTIwMjVweCUzQiUwQSUwOWhlaWdodCUzQSUyMDAlM0IlMEElN0QlMEEudmlkZW9XcmFwcGVyJTIwaWZyYW1lJTIwJTdCJTBBJTA5cG9zaXRpb24lM0ElMjBhYnNvbHV0ZSUzQiUwQSUwOXRvcCUzQSUyMDAlM0IlMEElMDlsZWZ0JTNBJTIwMCUzQiUwQSUwOXdpZHRoJTNBJTIwMTAwJTI1JTNCJTBBJTA5aGVpZ2h0JTNBJTIwMTAwJTI1JTNCJTBBJTdEJTBBJTBBJTNDJTJGc3R5bGUlM0UlMEE=[\/vc_raw_html][\/vc_column][vc_column width=&#8221;1\/4&#8243;][\/vc_column][\/vc_row][\/vc_section]\n<\/div>","protected":false},"excerpt":{"rendered":"<p>[vc_section css=&#8221;.vc_custom_1558133598430{margin-top: -40px !important;background-color: #ffffff !important;background-position: center !important;background-repeat: no-repeat !important;background-size: cover !important;}&#8221;][vc_row][vc_column width=&#8221;4\/6&#8243;][vc_raw_html css=&#8221;.vc_custom_1557987033164{margin-top: 10px !important;}&#8221;]JTVCd3BzZW9fYnJlYWRjcnVtYiU1RA==[\/vc_raw_html][vc_row_inner css=&#8221;.vc_custom_1557988050611{margin-top: 5px !important;}&#8221; el_class=&#8221;text-with-icon-header&#8221;][vc_column_inner<\/p>\n","protected":false},"author":1,"featured_media":5750,"parent":5488,"menu_order":0,"comment_status":"closed","ping_status":"closed","template":"","meta":{"footnotes":""},"class_list":["post-5749","page","type-page","status-publish","has-post-thumbnail","hentry"],"yoast_head":"<!-- This site is optimized with the Yoast SEO plugin v27.3 - https:\/\/yoast.com\/product\/yoast-seo-wordpress\/ -->\n<title>Albania Live - SIGAL INSURANCE GROUP<\/title>\n<meta name=\"description\" content=\"P\u00ebr ti sjell\u00eb edhe m\u00eb pran\u00eb Shqip\u00ebris\u00eb bashk\u00ebkombasit tan\u00eb anemban\u00eb globit, realizuam paltform\u00ebn unike SHQIPERIA LIVE, 24 or\u00eb t\u00eb gjitha qytetet e Shqip\u00ebris\u00eb\" \/>\n<meta name=\"robots\" content=\"index, follow, max-snippet:-1, max-image-preview:large, max-video-preview:-1\" \/>\n<link rel=\"canonical\" href=\"https:\/\/sigal.com.al\/en\/about-us\/shqiperia-live\/\" \/>\n<meta property=\"og:locale\" content=\"en_US\" \/>\n<meta property=\"og:type\" content=\"article\" \/>\n<meta property=\"og:title\" content=\"Shqiperia Live\" \/>\n<meta property=\"og:description\" content=\"P\u00ebr ti sjell\u00eb edhe m\u00eb pran\u00eb Shqip\u00ebris\u00eb bashk\u00ebkombasit tan\u00eb anemban\u00eb globit, realizuam paltform\u00ebn unike SHQIPERIA LIVE ku mund t\u00eb ndiqen 24 or\u00eb t\u00eb gjitha qytetet e Shqip\u00ebris\u00eb dhe t\u00eb merren informacione mbi sigurimet dhe t\u00eb tjera informacione.\" \/>\n<meta property=\"og:url\" content=\"https:\/\/sigal.com.al\/en\/about-us\/shqiperia-live\/\" \/>\n<meta property=\"og:site_name\" content=\"SIGAL INSURANCE GROUP\" \/>\n<meta property=\"article:publisher\" content=\"https:\/\/www.facebook.com\/sigal.insurance\" \/>\n<meta property=\"article:modified_time\" content=\"2019-07-31T09:21:23+00:00\" \/>\n<meta property=\"og:image\" content=\"https:\/\/sigal.com.al\/wp-content\/uploads\/2019\/05\/inovacion-03-1.png\" \/>\n\t<meta property=\"og:image:width\" content=\"600\" \/>\n\t<meta property=\"og:image:height\" content=\"400\" \/>\n\t<meta property=\"og:image:type\" content=\"image\/png\" \/>\n<meta name=\"twitter:card\" content=\"summary_large_image\" \/>\n<meta name=\"twitter:site\" content=\"@sigal_group\" \/>\n<meta name=\"twitter:label1\" content=\"Est. reading time\" \/>\n\t<meta name=\"twitter:data1\" content=\"2 minutes\" \/>\n<!-- \/ Yoast SEO plugin. -->","yoast_head_json":{"title":"Albania Live - SIGAL INSURANCE GROUP","description":"P\u00ebr ti sjell\u00eb edhe m\u00eb pran\u00eb Shqip\u00ebris\u00eb bashk\u00ebkombasit tan\u00eb anemban\u00eb globit, realizuam paltform\u00ebn unike SHQIPERIA LIVE, 24 or\u00eb t\u00eb gjitha qytetet e Shqip\u00ebris\u00eb","robots":{"index":"index","follow":"follow","max-snippet":"max-snippet:-1","max-image-preview":"max-image-preview:large","max-video-preview":"max-video-preview:-1"},"canonical":"https:\/\/sigal.com.al\/en\/about-us\/shqiperia-live\/","og_locale":"en_US","og_type":"article","og_title":"Shqiperia Live","og_description":"P\u00ebr ti sjell\u00eb edhe m\u00eb pran\u00eb Shqip\u00ebris\u00eb bashk\u00ebkombasit tan\u00eb anemban\u00eb globit, realizuam paltform\u00ebn unike SHQIPERIA LIVE ku mund t\u00eb ndiqen 24 or\u00eb t\u00eb gjitha qytetet e Shqip\u00ebris\u00eb dhe t\u00eb merren informacione mbi sigurimet dhe t\u00eb tjera informacione.","og_url":"https:\/\/sigal.com.al\/en\/about-us\/shqiperia-live\/","og_site_name":"SIGAL INSURANCE GROUP","article_publisher":"https:\/\/www.facebook.com\/sigal.insurance","article_modified_time":"2019-07-31T09:21:23+00:00","og_image":[{"width":600,"height":400,"url":"https:\/\/sigal.com.al\/wp-content\/uploads\/2019\/05\/inovacion-03-1.png","type":"image\/png"}],"twitter_card":"summary_large_image","twitter_site":"@sigal_group","twitter_misc":{"Est. reading time":"2 minutes"},"schema":{"@context":"https:\/\/schema.org","@graph":[{"@type":"WebPage","@id":"https:\/\/sigal.com.al\/en\/about-us\/shqiperia-live\/","url":"https:\/\/sigal.com.al\/en\/about-us\/shqiperia-live\/","name":"Albania Live - SIGAL INSURANCE GROUP","isPartOf":{"@id":"https:\/\/sigal.com.al\/en\/#website"},"primaryImageOfPage":{"@id":"https:\/\/sigal.com.al\/en\/about-us\/shqiperia-live\/#primaryimage"},"image":{"@id":"https:\/\/sigal.com.al\/en\/about-us\/shqiperia-live\/#primaryimage"},"thumbnailUrl":"https:\/\/sigal.com.al\/wp-content\/uploads\/2019\/05\/inovacion-03-1.png","datePublished":"2019-05-23T12:23:47+00:00","dateModified":"2019-07-31T09:21:23+00:00","description":"P\u00ebr ti sjell\u00eb edhe m\u00eb pran\u00eb Shqip\u00ebris\u00eb bashk\u00ebkombasit tan\u00eb anemban\u00eb globit, realizuam paltform\u00ebn unike SHQIPERIA LIVE, 24 or\u00eb t\u00eb gjitha qytetet e Shqip\u00ebris\u00eb","breadcrumb":{"@id":"https:\/\/sigal.com.al\/en\/about-us\/shqiperia-live\/#breadcrumb"},"inLanguage":"en-US","potentialAction":[{"@type":"ReadAction","target":["https:\/\/sigal.com.al\/en\/about-us\/shqiperia-live\/"]}]},{"@type":"ImageObject","inLanguage":"en-US","@id":"https:\/\/sigal.com.al\/en\/about-us\/shqiperia-live\/#primaryimage","url":"https:\/\/sigal.com.al\/wp-content\/uploads\/2019\/05\/inovacion-03-1.png","contentUrl":"https:\/\/sigal.com.al\/wp-content\/uploads\/2019\/05\/inovacion-03-1.png","width":600,"height":400},{"@type":"BreadcrumbList","@id":"https:\/\/sigal.com.al\/en\/about-us\/shqiperia-live\/#breadcrumb","itemListElement":[{"@type":"ListItem","position":1,"name":"Kreu","item":"https:\/\/sigal.com.al\/en\/"},{"@type":"ListItem","position":2,"name":"About Us","item":"https:\/\/sigal.com.al\/en\/about-us\/"},{"@type":"ListItem","position":3,"name":"Albania Live"}]},{"@type":"WebSite","@id":"https:\/\/sigal.com.al\/en\/#website","url":"https:\/\/sigal.com.al\/en\/","name":"SIGAL INSURANCE GROUP","description":"Kompania nr. 1 e sigurimeve","publisher":{"@id":"https:\/\/sigal.com.al\/en\/#organization"},"potentialAction":[{"@type":"SearchAction","target":{"@type":"EntryPoint","urlTemplate":"https:\/\/sigal.com.al\/en\/?s={search_term_string}"},"query-input":{"@type":"PropertyValueSpecification","valueRequired":true,"valueName":"search_term_string"}}],"inLanguage":"en-US"},{"@type":"Organization","@id":"https:\/\/sigal.com.al\/en\/#organization","name":"SIGAL INSURANCE GROUP","url":"https:\/\/sigal.com.al\/en\/","logo":{"@type":"ImageObject","inLanguage":"en-US","@id":"https:\/\/sigal.com.al\/en\/#\/schema\/logo\/image\/","url":"https:\/\/sigal.com.al\/wp-content\/uploads\/2025\/11\/b20f4b8d.jpg","contentUrl":"https:\/\/sigal.com.al\/wp-content\/uploads\/2025\/11\/b20f4b8d.jpg","width":2048,"height":2048,"caption":"SIGAL INSURANCE GROUP"},"image":{"@id":"https:\/\/sigal.com.al\/en\/#\/schema\/logo\/image\/"},"sameAs":["https:\/\/www.facebook.com\/sigal.insurance","https:\/\/x.com\/sigal_group","https:\/\/www.instagram.com\/sigal_insurance_group\/","https:\/\/www.linkedin.com\/company\/sigal-insurance-group\/","https:\/\/www.youtube.com\/@SIGALInsuranceGroup","https:\/\/en.wikipedia.org\/wiki\/SIGAL_(insurance_company)"]}]}},"post_mailing_queue_ids":[],"_links":{"self":[{"href":"https:\/\/sigal.com.al\/en\/wp-json\/wp\/v2\/pages\/5749","targetHints":{"allow":["GET"]}}],"collection":[{"href":"https:\/\/sigal.com.al\/en\/wp-json\/wp\/v2\/pages"}],"about":[{"href":"https:\/\/sigal.com.al\/en\/wp-json\/wp\/v2\/types\/page"}],"author":[{"embeddable":true,"href":"https:\/\/sigal.com.al\/en\/wp-json\/wp\/v2\/users\/1"}],"replies":[{"embeddable":true,"href":"https:\/\/sigal.com.al\/en\/wp-json\/wp\/v2\/comments?post=5749"}],"version-history":[{"count":0,"href":"https:\/\/sigal.com.al\/en\/wp-json\/wp\/v2\/pages\/5749\/revisions"}],"up":[{"embeddable":true,"href":"https:\/\/sigal.com.al\/en\/wp-json\/wp\/v2\/pages\/5488"}],"wp:featuredmedia":[{"embeddable":true,"href":"https:\/\/sigal.com.al\/en\/wp-json\/wp\/v2\/media\/5750"}],"wp:attachment":[{"href":"https:\/\/sigal.com.al\/en\/wp-json\/wp\/v2\/media?parent=5749"}],"curies":[{"name":"wp","href":"https:\/\/api.w.org\/{rel}","templated":true}]}}