{"id":1036045,"date":"2023-12-06T13:25:41","date_gmt":"2023-12-06T12:25:41","guid":{"rendered":"https:\/\/sigal.com.al\/sigurimi-i-pergjegjesise-produktit\/"},"modified":"2025-10-08T13:00:03","modified_gmt":"2025-10-08T11:00:03","slug":"sigurimi-i-pergjegjesise-produktit","status":"publish","type":"page","link":"https:\/\/sigal.com.al\/en\/sigurimi-i-pergjegjesise-produktit\/","title":{"rendered":"Sigurimi i P\u00ebrgjegj\u00ebsis\u00eb Produktit"},"content":{"rendered":"<div class=\"wpb-content-wrapper\">[vc_section full_width=&#8221;stretch_row&#8221; css=&#8221;.vc_custom_1678870741497{margin-top: -40px !important;margin-bottom: -40px !important;background-color: #ffffff !important;}&#8221;][vc_row full_width=&#8221;stretch_row_content&#8221; css=&#8221;.vc_custom_1678711431763{margin-top: -40px !important;background-color: #eef2fa !important;}&#8221; el_class=&#8221;titulli-margin&#8221;][vc_column width=&#8221;1\/6&#8243;][\/vc_column][vc_column width=&#8221;2\/6&#8243; el_class=&#8221;first-row-landing&#8221;][vc_custom_heading text=&#8221;Sigurimi i P\u00ebrgjegj\u00ebsis\u00eb Produktit&#8221; font_container=&#8221;tag:h1|font_size:2.5rem|text_align:left|color:%23005ca9|line_height:48px&#8221; use_theme_fonts=&#8221;yes&#8221; el_class=&#8221;titulli-heading1&#8243;][vc_custom_heading text=&#8221;A jeni nj\u00eb kompani q\u00eb prodhon ose shet produkte n\u00eb treg? A doni t\u00eb ndihmoni t\u00eb siguroni integritetin e produkteve tuaja dhe besimin e klient\u00ebve tuaj? Ne kemi zgjidhjen e duhur p\u00ebr ju. Sigurimi i P\u00ebrgjegj\u00ebsis\u00eb s\u00eb Produktit \u00ebsht\u00eb mbrojtja e nevojshme p\u00ebr t\u00eb ruajtur reputacionin tuaj dhe p\u00ebr t\u00eb garantuar q\u00eb klient\u00ebt tuaj jan\u00eb t\u00eb k\u00ebnaqur.&#8221; font_container=&#8221;tag:p|font_size:16px|text_align:left|color:%23617384|line_height:1.5rem&#8221; use_theme_fonts=&#8221;yes&#8221; el_class=&#8221;nentitulli&#8221;][vc_btn title=&#8221;Na Kontaktoni&#8221; style=&#8221;custom&#8221; custom_background=&#8221;#008050&#8243; custom_text=&#8221;#ffffff&#8221; shape=&#8221;square&#8221; align=&#8221;left&#8221; i_icon_fontawesome=&#8221;fas fa-calculator&#8221; add_icon=&#8221;true&#8221; link=&#8221;url:https%3A%2F%2Fsigal.com.al%2Fsherbime-dhe-kontakte%2Fagjentet-e-sigal%2F|target:_blank&#8221; el_class=&#8221;cta-primary&#8221;][\/vc_column][vc_column width=&#8221;3\/6&#8243; css=&#8221;.vc_custom_1759921190461{padding-top: 250px !important;padding-bottom: 150px !important;background-image: url(https:\/\/sigal.com.al\/wp-content\/uploads\/2025\/10\/d5f230fd-scaled.jpg?id=1041510) !important;background-position: center !important;background-repeat: no-repeat !important;background-size: cover !important;}&#8221; el_class=&#8221;css1&#8243;][\/vc_column][\/vc_row][vc_row full_width=&#8221;stretch_row&#8221; css=&#8221;.vc_custom_1678184147615{background-color: #ffffff !important;}&#8221;][vc_column width=&#8221;1\/6&#8243;][\/vc_column][vc_column width=&#8221;4\/6&#8243;][vc_custom_heading text=&#8221;Integriteti i produkteve tuaja \u00ebsht\u00eb prioritet p\u00ebr ne&#8221; font_container=&#8221;tag:h2|font_size:2.0625rem|text_align:center|color:%23005ca9|line_height:2.5rem&#8221; use_theme_fonts=&#8221;yes&#8221; css=&#8221;.vc_custom_1701867941145{padding-top: 30px !important;}&#8221; el_class=&#8221;titulli-heading&#8221;][\/vc_column][vc_column width=&#8221;1\/6&#8243;][\/vc_column][\/vc_row][vc_row][vc_column width=&#8221;1\/6&#8243;][\/vc_column][vc_column width=&#8221;2\/6&#8243;][vc_single_image image=&#8221;1008873&#8243; img_size=&#8221;full&#8221; alignment=&#8221;center&#8221;][\/vc_column][vc_column width=&#8221;2\/6&#8243;][vc_custom_heading text=&#8221;\u00c7far\u00eb mbulon ky sigurim?&#8221; font_container=&#8221;tag:h1|font_size:2.0625rem|text_align:left|color:%23005ca9|line_height:2.5rem&#8221; use_theme_fonts=&#8221;yes&#8221; css=&#8221;.vc_custom_1701867962266{padding-top: 50px !important;}&#8221; el_class=&#8221;titulli-heading&#8221;][vc_custom_heading text=&#8221;P\u00ebrmes k\u00ebtij produkti, SIGAL IG ofron mbulimin me sigurim t\u00eb biznesit p\u00ebr p\u00ebrgjegj\u00ebsin\u00eb e produkteve q\u00eb prodhohen apo tregohen. Duke u siguruar ndaj p\u00ebrgjegj\u00ebsis\u00eb s\u00eb produktit, biznesmen\u00ebt, shit\u00ebsit, administrator\u00ebt p\u00ebrjashtohen nga p\u00ebrgjegj\u00ebsit\u00eb financiare p\u00ebr produktin e hedhur n\u00eb treg. Ky sigurim mbulon veprimtarin\u00eb e prodhuesve, duke d\u00ebmshp\u00ebrblyer konsumator\u00ebt e k\u00ebtij produkti, n\u00eb rast se ata d\u00ebmtohen gjat\u00eb konsumimit t\u00eb produktit. D\u00ebmet q\u00eb mbulohen mund t\u00eb jen\u00eb fizike, aksidentale sikurse edhe d\u00ebmtime t\u00eb pron\u00ebs materiale, t\u00eb cilat ndodhin gjate periudh\u00ebs s\u00eb sigurimit dhe t\u00eb shkaktuara nga produktet e shitura, siguruara, shp\u00ebrndara, instaluara, t\u00eb nxjerra, t\u00eb riparuara, t\u00eb alternuara, t\u00eb trajtuara ose t\u00eb testuara nga i siguruari.&#8221; font_container=&#8221;tag:p|font_size:16px|text_align:left|color:%23617384|line_height:1.5rem&#8221; use_theme_fonts=&#8221;yes&#8221; css=&#8221;&#8221; el_class=&#8221;nentitulli&#8221;][\/vc_column][vc_column width=&#8221;1\/6&#8243;][\/vc_column][\/vc_row][vc_row gap=&#8221;10&#8243; css=&#8221;.vc_custom_1678869399323{margin-bottom: 10px !important;}&#8221;][vc_column width=&#8221;1\/6&#8243;][\/vc_column][vc_column width=&#8221;4\/6&#8243;][vc_custom_heading text=&#8221;Sigurimet e SIGAL UNIQA Group Austria:&#8221; font_container=&#8221;tag:h1|font_size:32px|text_align:center|color:%23005ca9|line_height:48px&#8221; use_theme_fonts=&#8221;yes&#8221; el_class=&#8221;titulli-heading&#8221; el_id=&#8221;titulli-heading&#8221;][\/vc_column][vc_column width=&#8221;1\/6&#8243;][\/vc_column][\/vc_row][vc_row gap=&#8221;10&#8243; css=&#8221;.vc_custom_1678869399323{margin-bottom: 10px !important;}&#8221;][vc_column width=&#8221;1\/6&#8243;][\/vc_column][vc_column width=&#8221;2\/6&#8243; css=&#8221;.vc_custom_1684245516338{background-color: #e3ebf8 !important;}&#8221;][vc_custom_heading text=&#8221;Kush mund t\u00eb sigurohet?&#8221; font_container=&#8221;tag:h1|font_size:1.4375rem|text_align:center|color:%23005ca9|line_height:35px&#8221; use_theme_fonts=&#8221;yes&#8221; el_class=&#8221;titulli-heading&#8221;][vc_custom_heading text=&#8221;Ky produkt \u00ebsht\u00eb i domosdosh\u00ebm p\u00ebr t\u00eb gjith\u00eb biznesmen\u00ebt, prodhuesit, shit\u00ebsit me shumic\u00eb dhe pakic\u00eb t\u00eb nj\u00eb malli t\u00eb caktuar.&#8221; font_container=&#8221;tag:h4|font_size:16px|text_align:left|color:%23617384|line_height:1.5&#8243; use_theme_fonts=&#8221;yes&#8221; el_class=&#8221;nentitulli&#8221;][\/vc_column][vc_column width=&#8221;2\/6&#8243; css=&#8221;.vc_custom_1684245320249{background-color: #e3ebf8 !important;}&#8221;][vc_custom_heading text=&#8221;Sa kushton?&#8221; font_container=&#8221;tag:h1|font_size:1.4375rem|text_align:center|color:%23005ca9|line_height:35px&#8221; use_theme_fonts=&#8221;yes&#8221; el_class=&#8221;titulli-heading&#8221;][vc_custom_heading text=&#8221;Tarifat variojne sipas kufijve te mbulimit t\u00eb p\u00ebrgjegjesis\u00eb dhe xhiron vjetore te te Siguruarit.&#8221; font_container=&#8221;tag:h4|font_size:16px|text_align:left|color:%23617384|line_height:1.5&#8243; use_theme_fonts=&#8221;yes&#8221; el_class=&#8221;nentitulli&#8221;][\/vc_column][vc_column width=&#8221;1\/6&#8243;][\/vc_column][\/vc_row][vc_row full_width=&#8221;stretch_row&#8221; gap=&#8221;20&#8243; css=&#8221;.vc_custom_1684231453062{background-color: #005ca9 !important;}&#8221;][vc_column width=&#8221;1\/6&#8243;][\/vc_column][vc_column width=&#8221;2\/6&#8243;][vc_custom_heading text=&#8221;D\u00ebshironi t\u00eb dini m\u00eb shum\u00eb p\u00ebr produktet tona?<br \/>\nNa kontaktoni.&#8221; font_container=&#8221;tag:h2|font_size:2.0625rem|text_align:left|color:%23ffffff|line_height:2.5rem&#8221; use_theme_fonts=&#8221;yes&#8221; el_class=&#8221;titulli-heading&#8221;][vc_custom_heading text=&#8221;Ekipi yn\u00eb i specialist\u00ebve do t&#8217;ju ndihmoj\u00eb t\u00eb:&#8221; font_container=&#8221;tag:p|font_size:16px|text_align:left|color:%23e2e8f0&#8243; use_theme_fonts=&#8221;yes&#8221; css=&#8221;.vc_custom_1684239058338{margin-bottom: 40px !important;}&#8221; el_class=&#8221;nentitulli&#8221;]\n\t\t<div class=\"basel-list color-scheme-light basel-text-size-large basel-list-type-icon basel-list-style-default \" id=\"basel-list-id-69e495bbf22f8\">\n\t\t\t<ul>\n\t\t\t\t\t\t\t\t\t\t\t\t\t\t<li>\n\t\t\t\t\t\t\t\t\t\t\t\t\t<div class=\"list-icon fas fa-check-circle\"><\/div>\n\t\t\t\t\t\t\t\t\t\t\t\t<span class=\"list-content\">M\u00ebsoni p\u00ebr paketat dhe p\u00ebrfitimet e produkteve tona<\/span>\n\t\t\t\t\t<\/li>\n\t\t\t\t\t\t\t\t\t\t\t\t\t\t<li>\n\t\t\t\t\t\t\t\t\t\t\t\t\t<div class=\"list-icon fas fa-check-circle\"><\/div>\n\t\t\t\t\t\t\t\t\t\t\t\t<span class=\"list-content\">Merrni nj\u00eb ofert\u00eb individuale<\/span>\n\t\t\t\t\t<\/li>\n\t\t\t\t\t\t\t\t\t\t\t\t\t\t<li>\n\t\t\t\t\t\t\t\t\t\t\t\t\t<div class=\"list-icon fas fa-check-circle\"><\/div>\n\t\t\t\t\t\t\t\t\t\t\t\t<span class=\"list-content\">Planifikoni nj\u00eb takim personal<\/span>\n\t\t\t\t\t<\/li>\n\t\t\t\t\t\t\t\t\t\t\t\t\t\t<li>\n\t\t\t\t\t\t\t\t\t\t\t\t\t<div class=\"list-icon fas fa-check-circle\"><\/div>\n\t\t\t\t\t\t\t\t\t\t\t\t<span class=\"list-content\">Zgjidhni sh\u00ebrbimin e duhur p\u00ebr ju<\/span>\n\t\t\t\t\t<\/li>\n\t\t\t\t\t\t\t<\/ul>\n\n\t\t\t<style>\n\t\t\t\t#basel-list-id-69e495bbf22f8 .list-icon {\n\n                    color: #2da679;\n                }   \n                   \n                \t\t\t\t\/* *\/\n\t\t\t<\/style>\n\t\t<\/div>\n\t\t\n\t\t[vc_separator color=&#8221;custom&#8221; align=&#8221;align_left&#8221; accent_color=&#8221;#e2e8f0&#8243;][vc_custom_heading text=&#8221;Na Telefononi falas n\u00eb 0800 31 31&#8243; font_container=&#8221;tag:h2|font_size:1.75rem|text_align:left|color:%23ffffff|line_height:35px&#8221; use_theme_fonts=&#8221;yes&#8221; css=&#8221;.vc_custom_1684239062626{margin-bottom: 20px !important;}&#8221; el_class=&#8221;titulli-heading&#8221;][vc_row_inner gap=&#8221;5&#8243; css=&#8221;.vc_custom_1678872421615{margin-bottom: 20px !important;}&#8221;][vc_column_inner width=&#8221;1\/3&#8243;]<div class=\"basel-button-wrapper text-left\"><a href=\"telto:+35542233308\" title=\"\" class=\"btn btn-color-white btn-style-bordered btn-size-default\">+355 4 22 333 08<\/a><\/div>[\/vc_column_inner][vc_column_inner width=&#8221;1\/3&#8243;]<div class=\"basel-button-wrapper text-left\"><a href=\"https:\/\/wa.me\/355686062829\" title=\"\" class=\"btn btn-color-white btn-style-bordered btn-size-default\">+355 68 606 2829<\/a><\/div>[\/vc_column_inner][vc_column_inner width=&#8221;1\/3&#8243;]<div class=\"basel-button-wrapper text-left\"><a href=\"\/sherbime-dhe-kontakte\/agjentet-e-sigal\/\" title=\"\" class=\"btn btn-color-white btn-style-bordered btn-size-default\">Zyrat SIGAL<\/a><\/div>[\/vc_column_inner][\/vc_row_inner][\/vc_column][vc_column width=&#8221;2\/6&#8243; css=&#8221;.vc_custom_1678871840501{margin-top: 40px !important;padding-top: 40px !important;padding-bottom: 40px !important;background-color: #eef2fa !important;}&#8221;]\n<div class=\"wpcf7 no-js\" id=\"wpcf7-f16275-o1\" lang=\"en-US\" dir=\"ltr\" data-wpcf7-id=\"16275\">\n<div class=\"screen-reader-response\"><p role=\"status\" aria-live=\"polite\" aria-atomic=\"true\"><\/p> <ul><\/ul><\/div>\n<form action=\"\/en\/wp-json\/wp\/v2\/pages\/1036045#wpcf7-f16275-o1\" method=\"post\" class=\"wpcf7-form init\" aria-label=\"Contact form\" novalidate=\"novalidate\" data-status=\"init\">\n<fieldset class=\"hidden-fields-container\"><input type=\"hidden\" name=\"_wpcf7\" value=\"16275\" \/><input type=\"hidden\" name=\"_wpcf7_version\" value=\"6.1.5\" \/><input type=\"hidden\" name=\"_wpcf7_locale\" value=\"en_US\" \/><input type=\"hidden\" name=\"_wpcf7_unit_tag\" value=\"wpcf7-f16275-o1\" \/><input type=\"hidden\" name=\"_wpcf7_container_post\" value=\"0\" \/><input type=\"hidden\" name=\"_wpcf7_posted_data_hash\" value=\"\" \/>\n<\/fieldset>\n<div class=\"wpcf7-turnstile cf-turnstile\" data-sitekey=\"0x4AAAAAACKGcnrqisWxcxWh\" data-response-field-name=\"_wpcf7_turnstile_response\"><\/div>\n\n<div class=\"row\">\n\t<div class=\"col-md-12\">\n\t\t<p class=\"text-contact-form-new\">Name *\n\t\t<\/p>\n\t\t<p><span class=\"wpcf7-form-control-wrap\" data-name=\"text-4\"><input size=\"40\" maxlength=\"400\" class=\"wpcf7-form-control wpcf7-text wpcf7-validates-as-required\" aria-required=\"true\" aria-invalid=\"false\" placeholder=\"your name\" value=\"\" type=\"text\" name=\"text-4\" \/><\/span>\n\t\t<\/p>\n\t<\/div>\n\t<div class=\"col-md-12\">\n\t\t<p class=\"text-contact-form-new\">E-Mail *\n\t\t<\/p>\n\t\t<p><span class=\"wpcf7-form-control-wrap\" data-name=\"email-4\"><input size=\"40\" maxlength=\"400\" class=\"wpcf7-form-control wpcf7-email wpcf7-validates-as-required wpcf7-text wpcf7-validates-as-email\" aria-required=\"true\" aria-invalid=\"false\" placeholder=\"your e-mail\" value=\"\" type=\"email\" name=\"email-4\" \/><\/span>\n\t\t<\/p>\n\t<\/div>\n\t<div class=\"col-md-12\">\n\t\t<p class=\"text-contact-form-new\">No. Mobile *\n\t\t<\/p>\n\t\t<p><span class=\"wpcf7-form-control-wrap\" data-name=\"tel-4\"><input size=\"40\" maxlength=\"400\" class=\"wpcf7-form-control wpcf7-tel wpcf7-validates-as-required wpcf7-text wpcf7-validates-as-tel\" aria-required=\"true\" aria-invalid=\"false\" placeholder=\"your phone number\" value=\"\" type=\"tel\" name=\"tel-4\" \/><\/span>\n\t\t<\/p>\n\t<\/div>\n<\/div>\n<p class=\"forma-kontakt\"><input class=\"wpcf7-form-control wpcf7-submit has-spinner btn btn-color-alt\" type=\"submit\" value=\"Contact Me\" \/>\n<\/p>\n<p class=\"text-contact-form-new-end\">Your personal data will only be used for the purpose of providing additional information about SIGAL UNIQA products\n<\/p><p style=\"display: none !important;\" class=\"akismet-fields-container\" data-prefix=\"_wpcf7_ak_\"><label>&#916;<textarea name=\"_wpcf7_ak_hp_textarea\" cols=\"45\" rows=\"8\" maxlength=\"100\"><\/textarea><\/label><input type=\"hidden\" id=\"ak_js_1\" name=\"_wpcf7_ak_js\" value=\"107\"\/><script>document.getElementById( \"ak_js_1\" ).setAttribute( \"value\", ( new Date() ).getTime() );<\/script><\/p><div class=\"wpcf7-response-output\" aria-hidden=\"true\"><\/div>\n<\/form>\n<\/div>\n[\/vc_column][vc_column width=&#8221;1\/6&#8243;][\/vc_column][\/vc_row][\/vc_section]\n<\/div>","protected":false},"excerpt":{"rendered":"<p>[vc_section full_width=&#8221;stretch_row&#8221; css=&#8221;.vc_custom_1678870741497{margin-top: -40px !important;margin-bottom: -40px !important;background-color: #ffffff !important;}&#8221;][vc_row full_width=&#8221;stretch_row_content&#8221; css=&#8221;.vc_custom_1678711431763{margin-top: -40px !important;background-color: #eef2fa !important;}&#8221; el_class=&#8221;titulli-margin&#8221;][vc_column width=&#8221;1\/6&#8243;][\/vc_column][vc_column width=&#8221;2\/6&#8243; el_class=&#8221;first-row-landing&#8221;][vc_custom_heading text=&#8221;Sigurimi<\/p>\n","protected":false},"author":6,"featured_media":0,"parent":0,"menu_order":0,"comment_status":"closed","ping_status":"closed","template":"","meta":{"footnotes":""},"class_list":["post-1036045","page","type-page","status-publish","hentry"],"yoast_head":"<!-- This site is optimized with the Yoast SEO plugin v27.3 - https:\/\/yoast.com\/product\/yoast-seo-wordpress\/ -->\n<title>Sigurimi i P\u00ebrgjegj\u00ebsis\u00eb Produktit - SIGAL INSURANCE GROUP<\/title>\n<meta name=\"robots\" content=\"index, follow, max-snippet:-1, max-image-preview:large, max-video-preview:-1\" \/>\n<link rel=\"canonical\" href=\"https:\/\/sigal.com.al\/en\/sigurimi-i-pergjegjesise-produktit\/\" \/>\n<meta property=\"og:locale\" content=\"en_US\" \/>\n<meta property=\"og:type\" content=\"article\" \/>\n<meta property=\"og:title\" content=\"Sigurimi i P\u00ebrgjegj\u00ebsis\u00eb Produktit - SIGAL INSURANCE GROUP\" \/>\n<meta property=\"og:description\" content=\"[vc_section full_width=&#8221;stretch_row&#8221; css=&#8221;.vc_custom_1678870741497{margin-top: -40px !important;margin-bottom: -40px !important;background-color: #ffffff !important;}&#8221;][vc_row full_width=&#8221;stretch_row_content&#8221; css=&#8221;.vc_custom_1678711431763{margin-top: -40px !important;background-color: #eef2fa !important;}&#8221; el_class=&#8221;titulli-margin&#8221;][vc_column width=&#8221;1\/6&#8243;][\/vc_column][vc_column width=&#8221;2\/6&#8243; el_class=&#8221;first-row-landing&#8221;][vc_custom_heading text=&#8221;Sigurimi\" \/>\n<meta property=\"og:url\" content=\"https:\/\/sigal.com.al\/en\/sigurimi-i-pergjegjesise-produktit\/\" \/>\n<meta property=\"og:site_name\" content=\"SIGAL INSURANCE GROUP\" \/>\n<meta property=\"article:publisher\" content=\"https:\/\/www.facebook.com\/sigal.insurance\" \/>\n<meta property=\"article:modified_time\" content=\"2025-10-08T11:00:03+00:00\" \/>\n<meta property=\"og:image\" content=\"https:\/\/sigal.com.al\/wp-content\/uploads\/2025\/11\/b20f4b8d.jpg\" \/>\n\t<meta property=\"og:image:width\" content=\"2048\" \/>\n\t<meta property=\"og:image:height\" content=\"2048\" \/>\n\t<meta property=\"og:image:type\" content=\"image\/jpeg\" \/>\n<meta name=\"twitter:card\" content=\"summary_large_image\" \/>\n<meta name=\"twitter:site\" content=\"@sigal_group\" \/>\n<meta name=\"twitter:label1\" content=\"Est. reading time\" \/>\n\t<meta name=\"twitter:data1\" content=\"4 minutes\" \/>\n<!-- \/ Yoast SEO plugin. -->","yoast_head_json":{"title":"Sigurimi i P\u00ebrgjegj\u00ebsis\u00eb Produktit - SIGAL INSURANCE GROUP","robots":{"index":"index","follow":"follow","max-snippet":"max-snippet:-1","max-image-preview":"max-image-preview:large","max-video-preview":"max-video-preview:-1"},"canonical":"https:\/\/sigal.com.al\/en\/sigurimi-i-pergjegjesise-produktit\/","og_locale":"en_US","og_type":"article","og_title":"Sigurimi i P\u00ebrgjegj\u00ebsis\u00eb Produktit - SIGAL INSURANCE GROUP","og_description":"[vc_section full_width=&#8221;stretch_row&#8221; css=&#8221;.vc_custom_1678870741497{margin-top: -40px !important;margin-bottom: -40px !important;background-color: #ffffff !important;}&#8221;][vc_row full_width=&#8221;stretch_row_content&#8221; css=&#8221;.vc_custom_1678711431763{margin-top: -40px !important;background-color: #eef2fa !important;}&#8221; el_class=&#8221;titulli-margin&#8221;][vc_column width=&#8221;1\/6&#8243;][\/vc_column][vc_column width=&#8221;2\/6&#8243; el_class=&#8221;first-row-landing&#8221;][vc_custom_heading text=&#8221;Sigurimi","og_url":"https:\/\/sigal.com.al\/en\/sigurimi-i-pergjegjesise-produktit\/","og_site_name":"SIGAL INSURANCE GROUP","article_publisher":"https:\/\/www.facebook.com\/sigal.insurance","article_modified_time":"2025-10-08T11:00:03+00:00","og_image":[{"width":2048,"height":2048,"url":"https:\/\/sigal.com.al\/wp-content\/uploads\/2025\/11\/b20f4b8d.jpg","type":"image\/jpeg"}],"twitter_card":"summary_large_image","twitter_site":"@sigal_group","twitter_misc":{"Est. reading time":"4 minutes"},"schema":{"@context":"https:\/\/schema.org","@graph":[{"@type":"WebPage","@id":"https:\/\/sigal.com.al\/en\/sigurimi-i-pergjegjesise-produktit\/","url":"https:\/\/sigal.com.al\/en\/sigurimi-i-pergjegjesise-produktit\/","name":"Sigurimi i P\u00ebrgjegj\u00ebsis\u00eb Produktit - SIGAL INSURANCE GROUP","isPartOf":{"@id":"https:\/\/sigal.com.al\/en\/#website"},"datePublished":"2023-12-06T12:25:41+00:00","dateModified":"2025-10-08T11:00:03+00:00","breadcrumb":{"@id":"https:\/\/sigal.com.al\/en\/sigurimi-i-pergjegjesise-produktit\/#breadcrumb"},"inLanguage":"en-US","potentialAction":[{"@type":"ReadAction","target":["https:\/\/sigal.com.al\/en\/sigurimi-i-pergjegjesise-produktit\/"]}]},{"@type":"BreadcrumbList","@id":"https:\/\/sigal.com.al\/en\/sigurimi-i-pergjegjesise-produktit\/#breadcrumb","itemListElement":[{"@type":"ListItem","position":1,"name":"Kreu","item":"https:\/\/sigal.com.al\/en\/"},{"@type":"ListItem","position":2,"name":"Sigurimi i P\u00ebrgjegj\u00ebsis\u00eb Produktit"}]},{"@type":"WebSite","@id":"https:\/\/sigal.com.al\/en\/#website","url":"https:\/\/sigal.com.al\/en\/","name":"SIGAL INSURANCE GROUP","description":"Kompania nr. 1 e sigurimeve","publisher":{"@id":"https:\/\/sigal.com.al\/en\/#organization"},"potentialAction":[{"@type":"SearchAction","target":{"@type":"EntryPoint","urlTemplate":"https:\/\/sigal.com.al\/en\/?s={search_term_string}"},"query-input":{"@type":"PropertyValueSpecification","valueRequired":true,"valueName":"search_term_string"}}],"inLanguage":"en-US"},{"@type":"Organization","@id":"https:\/\/sigal.com.al\/en\/#organization","name":"SIGAL INSURANCE GROUP","url":"https:\/\/sigal.com.al\/en\/","logo":{"@type":"ImageObject","inLanguage":"en-US","@id":"https:\/\/sigal.com.al\/en\/#\/schema\/logo\/image\/","url":"https:\/\/sigal.com.al\/wp-content\/uploads\/2025\/11\/b20f4b8d.jpg","contentUrl":"https:\/\/sigal.com.al\/wp-content\/uploads\/2025\/11\/b20f4b8d.jpg","width":2048,"height":2048,"caption":"SIGAL INSURANCE GROUP"},"image":{"@id":"https:\/\/sigal.com.al\/en\/#\/schema\/logo\/image\/"},"sameAs":["https:\/\/www.facebook.com\/sigal.insurance","https:\/\/x.com\/sigal_group","https:\/\/www.instagram.com\/sigal_insurance_group\/","https:\/\/www.linkedin.com\/company\/sigal-insurance-group\/","https:\/\/www.youtube.com\/@SIGALInsuranceGroup","https:\/\/en.wikipedia.org\/wiki\/SIGAL_(insurance_company)"]}]}},"post_mailing_queue_ids":[],"_links":{"self":[{"href":"https:\/\/sigal.com.al\/en\/wp-json\/wp\/v2\/pages\/1036045","targetHints":{"allow":["GET"]}}],"collection":[{"href":"https:\/\/sigal.com.al\/en\/wp-json\/wp\/v2\/pages"}],"about":[{"href":"https:\/\/sigal.com.al\/en\/wp-json\/wp\/v2\/types\/page"}],"author":[{"embeddable":true,"href":"https:\/\/sigal.com.al\/en\/wp-json\/wp\/v2\/users\/6"}],"replies":[{"embeddable":true,"href":"https:\/\/sigal.com.al\/en\/wp-json\/wp\/v2\/comments?post=1036045"}],"version-history":[{"count":1,"href":"https:\/\/sigal.com.al\/en\/wp-json\/wp\/v2\/pages\/1036045\/revisions"}],"predecessor-version":[{"id":1041513,"href":"https:\/\/sigal.com.al\/en\/wp-json\/wp\/v2\/pages\/1036045\/revisions\/1041513"}],"wp:attachment":[{"href":"https:\/\/sigal.com.al\/en\/wp-json\/wp\/v2\/media?parent=1036045"}],"curies":[{"name":"wp","href":"https:\/\/api.w.org\/{rel}","templated":true}]}}