{"id":1036044,"date":"2023-12-06T12:02:39","date_gmt":"2023-12-06T11:02:39","guid":{"rendered":"https:\/\/sigal.com.al\/sigurimi-i-pergjegjesise-profesionale\/"},"modified":"2025-10-08T12:56:09","modified_gmt":"2025-10-08T10:56:09","slug":"sigurimi-i-pergjegjesise-profesionale","status":"publish","type":"page","link":"https:\/\/sigal.com.al\/en\/sigurimi-i-pergjegjesise-profesionale\/","title":{"rendered":"Sigurimi i P\u00ebrgjegj\u00ebsis\u00eb Profesionale"},"content":{"rendered":"<div class=\"wpb-content-wrapper\">[vc_section full_width=&#8221;stretch_row&#8221; css=&#8221;.vc_custom_1678870741497{margin-top: -40px !important;margin-bottom: -40px !important;background-color: #ffffff !important;}&#8221;][vc_row full_width=&#8221;stretch_row_content&#8221; css=&#8221;.vc_custom_1678711431763{margin-top: -40px !important;background-color: #eef2fa !important;}&#8221; el_class=&#8221;titulli-margin&#8221;][vc_column width=&#8221;1\/6&#8243;][\/vc_column][vc_column width=&#8221;2\/6&#8243; el_class=&#8221;first-row-landing&#8221;][vc_custom_heading text=&#8221;Sigurimi i P\u00ebrgjegj\u00ebsis\u00eb Profesionale&#8221; font_container=&#8221;tag:h1|font_size:2.5rem|text_align:left|color:%23005ca9|line_height:48px&#8221; use_theme_fonts=&#8221;yes&#8221; el_class=&#8221;titulli-heading1&#8243;][vc_custom_heading text=&#8221;Jeni zbatues i punimeve nd\u00ebrtimore q\u00eb d\u00ebshiron t\u00eb jet\u00eb i mbrojtur nga sfidat dhe rreziqet e fush\u00ebs s\u00eb nd\u00ebrtimit? Ne ju sjellim nj\u00eb zgjidhje t\u00eb personalizuar p\u00ebr t\u00eb mbrojtur pasurin\u00eb tuaj dhe reputacionin tuaj n\u00eb fush\u00ebn e nd\u00ebrtimit.&#8221; font_container=&#8221;tag:p|font_size:16px|text_align:left|color:%23617384|line_height:1.5rem&#8221; use_theme_fonts=&#8221;yes&#8221; el_class=&#8221;nentitulli&#8221;][\/vc_column][vc_column width=&#8221;3\/6&#8243; css=&#8221;.vc_custom_1759920931640{padding-top: 250px !important;padding-bottom: 150px !important;background-image: url(https:\/\/sigal.com.al\/wp-content\/uploads\/2025\/10\/b7ea888f-scaled.jpg?id=1041503) !important;background-position: center !important;background-repeat: no-repeat !important;background-size: cover !important;}&#8221; el_class=&#8221;css1&#8243;][\/vc_column][\/vc_row][vc_row full_width=&#8221;stretch_row&#8221; css=&#8221;.vc_custom_1678184147615{background-color: #ffffff !important;}&#8221;][vc_column width=&#8221;1\/6&#8243;][\/vc_column][vc_column width=&#8221;4\/6&#8243;][vc_custom_heading text=&#8221;Punoni me p\u00ebrkushtim, mbrohuni me siguri!&#8221; font_container=&#8221;tag:h2|font_size:2.0625rem|text_align:center|color:%23005ca9|line_height:2.5rem&#8221; use_theme_fonts=&#8221;yes&#8221; css=&#8221;.vc_custom_1701868287100{padding-top: 30px !important;}&#8221; el_class=&#8221;titulli-heading&#8221;][\/vc_column][vc_column width=&#8221;1\/6&#8243;][\/vc_column][\/vc_row][vc_row][vc_column width=&#8221;1\/6&#8243;][\/vc_column][vc_column width=&#8221;2\/6&#8243;][vc_single_image image=&#8221;1008871&#8243; img_size=&#8221;full&#8221; alignment=&#8221;center&#8221;][\/vc_column][vc_column width=&#8221;2\/6&#8243;][vc_custom_heading text=&#8221;\u00c7far\u00eb mbulon Sigurimi i P\u00ebrgjegj\u00ebsis\u00eb Profesionale?&#8221; font_container=&#8221;tag:h1|font_size:2.0625rem|text_align:left|color:%23005ca9|line_height:2.5rem&#8221; use_theme_fonts=&#8221;yes&#8221; css=&#8221;.vc_custom_1701859658808{padding-top: 50px !important;}&#8221; el_class=&#8221;titulli-heading&#8221;][vc_custom_heading text=&#8221;Ky sigurim ofrohet p\u00ebr t\u00eb mbuluar t\u00eb siguruarin n\u00eb rast d\u00ebmtimesh q\u00eb ai i shkakton sh\u00ebndetit ose pron\u00ebs s\u00eb t\u00eb tret\u00ebve gjat\u00eb ushtrimit t\u00eb veprimtaris\u00eb s\u00eb tij profesionale ose gjat\u00eb k\u00ebshillimit t\u00eb t\u00eb tret\u00ebve.&#8221; font_container=&#8221;tag:p|font_size:16px|text_align:left|color:%23617384|line_height:1.5rem&#8221; use_theme_fonts=&#8221;yes&#8221; el_class=&#8221;nentitulli&#8221;][\/vc_column][vc_column width=&#8221;1\/6&#8243;][\/vc_column][\/vc_row][vc_row gap=&#8221;10&#8243; css=&#8221;.vc_custom_1678869399323{margin-bottom: 10px !important;}&#8221;][vc_column width=&#8221;1\/6&#8243;][\/vc_column][vc_column width=&#8221;4\/6&#8243;][vc_row_inner][vc_column_inner css=&#8221;.vc_custom_1690977932747{background-color: #e3ebf8 !important;}&#8221;][vc_custom_heading text=&#8221;Sa kushton?&#8221; font_container=&#8221;tag:h1|font_size:32px|text_align:center|color:%23005ca9|line_height:48px&#8221; use_theme_fonts=&#8221;yes&#8221; el_class=&#8221;titulli-heading&#8221;][vc_custom_heading text=&#8221;Tarifat p\u00ebr k\u00ebt\u00eb sigurim varen nga nje numer faktoresh duke perfshire kufirin e demshperblimit qe do te sigurohet, masa dhe qellimi i biznesit ose praktika dhe shkalla e rrezikut qe lidhet me aktivitetet e tij. Tarifa mesatare e ketij sigurimi eshte 2% e te ardhurave totale te biznesit qe ushtron klienti.&#8221; font_container=&#8221;tag:h4|font_size:16px|text_align:left|color:%23617384|line_height:1.5&#8243; use_theme_fonts=&#8221;yes&#8221; el_class=&#8221;nentitulli&#8221;][\/vc_column_inner][\/vc_row_inner][\/vc_column][vc_column width=&#8221;1\/6&#8243;][\/vc_column][\/vc_row][vc_row gap=&#8221;10&#8243; css=&#8221;.vc_custom_1678869399323{margin-bottom: 10px !important;}&#8221;][vc_column width=&#8221;1\/6&#8243;][\/vc_column][vc_column width=&#8221;4\/6&#8243;][vc_custom_heading text=&#8221;Kush mund t\u00eb sigurohet?&#8221; font_container=&#8221;tag:h1|font_size:32px|text_align:center|color:%23005ca9|line_height:48px&#8221; use_theme_fonts=&#8221;yes&#8221; el_class=&#8221;titulli-heading&#8221; el_id=&#8221;titulli-heading&#8221;][\/vc_column][vc_column width=&#8221;1\/6&#8243;][\/vc_column][\/vc_row][vc_row gap=&#8221;10&#8243; css=&#8221;.vc_custom_1678869399323{margin-bottom: 10px !important;}&#8221;][vc_column width=&#8221;1\/6&#8243;][\/vc_column][vc_column width=&#8221;4\/6&#8243;][vc_row_inner][vc_column_inner width=&#8221;1\/6&#8243;][\/vc_column_inner][vc_column_inner width=&#8221;4\/6&#8243; css=&#8221;.vc_custom_1690977932747{background-color: #e3ebf8 !important;}&#8221;][vc_custom_heading text=&#8221;Ky \u00ebsht\u00eb nj\u00eb produkt i hartuar ve\u00e7an\u00ebrisht p\u00ebr profesione si:&#8221; font_container=&#8221;tag:h4|font_size:16px|text_align:left|color:%23617384|line_height:1.5&#8243; use_theme_fonts=&#8221;yes&#8221; el_class=&#8221;nentitulli&#8221;]\n\t\t<div class=\"basel-list color-scheme-dark basel-text-size-default basel-list-type-icon basel-list-style-default \" id=\"basel-list-id-69e1040917a20\">\n\t\t\t<ul>\n\t\t\t\t\t\t\t\t\t\t\t\t\t\t<li>\n\t\t\t\t\t\t\t\t\t\t\t\t\t<div class=\"list-icon fas fa-check-circle\"><\/div>\n\t\t\t\t\t\t\t\t\t\t\t\t<span class=\"list-content\">Arkitekt\u00ebt dhe inxhinier\u00ebt<\/span>\n\t\t\t\t\t<\/li>\n\t\t\t\t\t\t\t\t\t\t\t\t\t\t<li>\n\t\t\t\t\t\t\t\t\t\t\t\t\t<div class=\"list-icon fas fa-check-circle\"><\/div>\n\t\t\t\t\t\t\t\t\t\t\t\t<span class=\"list-content\">Vler\u00ebsuesit e pasurive t\u00eb paluejtshme<\/span>\n\t\t\t\t\t<\/li>\n\t\t\t\t\t\t\t\t\t\t\t\t\t\t<li>\n\t\t\t\t\t\t\t\t\t\t\t\t\t<div class=\"list-icon fas fa-check-circle\"><\/div>\n\t\t\t\t\t\t\t\t\t\t\t\t<span class=\"list-content\">Agjent\u00ebt e sigurimit dhe k\u00ebshilltar\u00ebt e investimeve<\/span>\n\t\t\t\t\t<\/li>\n\t\t\t\t\t\t\t\t\t\t\t\t\t\t<li>\n\t\t\t\t\t\t\t\t\t\t\t\t\t<div class=\"list-icon fas fa-check-circle\"><\/div>\n\t\t\t\t\t\t\t\t\t\t\t\t<span class=\"list-content\">Avokat\u00ebt\n<\/span>\n\t\t\t\t\t<\/li>\n\t\t\t\t\t\t\t\t\t\t\t\t\t\t<li>\n\t\t\t\t\t\t\t\t\t\t\t\t\t<div class=\"list-icon fas fa-check-circle\"><\/div>\n\t\t\t\t\t\t\t\t\t\t\t\t<span class=\"list-content\">Noter\u00ebt<\/span>\n\t\t\t\t\t<\/li>\n\t\t\t\t\t\t\t\t\t\t\t\t\t\t<li>\n\t\t\t\t\t\t\t\t\t\t\t\t\t<div class=\"list-icon fas fa-check-circle\"><\/div>\n\t\t\t\t\t\t\t\t\t\t\t\t<span class=\"list-content\">Profesionet e reja n\u00eb t\u00eb cilat p\u00ebrfshihen: konsulent\u00ebt e publicitetit, bizneset e teknologjis\u00eb s\u00eb informacionit, media dhe bizneset e telekomunikacionit, terapis\u00eb aromatike, refleksikologjist\u00ebt, konsulent\u00eb fitnesi, trajnues privat e t\u00eb tjer\u00eb t\u00eb k\u00ebtij lloji.<\/span>\n\t\t\t\t\t<\/li>\n\t\t\t\t\t\t\t\t\t\t\t\t\t\t<li>\n\t\t\t\t\t\t\t\t\t\t\t\t\t<div class=\"list-icon fas fa-check-circle\"><\/div>\n\t\t\t\t\t\t\t\t\t\t\t\t<span class=\"list-content\">Spitalet, doktor\u00ebt, dentist\u00ebt, ndihm\u00ebs-mjek\u00ebt, okulist\u00ebt.<\/span>\n\t\t\t\t\t<\/li>\n\t\t\t\t\t\t\t<\/ul>\n\n\t\t\t<style>\n\t\t\t\t#basel-list-id-69e1040917a20 .list-icon {\n\n                    color: #2da679;\n                }   \n                   \n                \t\t\t\t\/* *\/\n\t\t\t<\/style>\n\t\t<\/div>\n\t\t\n\t\t[\/vc_column_inner][vc_column_inner width=&#8221;1\/6&#8243;][\/vc_column_inner][\/vc_row_inner][\/vc_column][vc_column width=&#8221;1\/6&#8243;][\/vc_column][\/vc_row][vc_row][vc_column width=&#8221;1\/6&#8243;][\/vc_column][vc_column width=&#8221;4\/6&#8243;][vc_custom_heading text=&#8221;Pyetjet m\u00eb t\u00eb shpeshta&#8221; font_container=&#8221;tag:h1|font_size:32px|text_align:center|color:%23005ca9|line_height:48px&#8221; use_theme_fonts=&#8221;yes&#8221; el_class=&#8221;titulli-heading&#8221;][vc_toggle title=&#8221;Sa kushton Sigurimi i P\u00ebrgjegj\u00ebsis\u00eb Profesionale?&#8221; style=&#8221;arrow&#8221; css=&#8221;.vc_custom_1690981023359{background-color: #ffffff !important;}&#8221;]<span class=\"ui-provider vg b c d e f g h i j k l m n o p q r s t u v w x y z ab ac ae af ag ah ai aj ak\" dir=\"ltr\">Tarifat p\u00ebr k\u00ebt\u00eb sigurim varen nga nj\u00eb num\u00ebr faktor\u00ebsh, duke p\u00ebrfshir\u00eb kufirin e d\u00ebmshperblimit q\u00eb do t\u00eb sigurohet, masa dhe q\u00ebllimi i biznesit ose praktika dhe shkalla e rrezikut q\u00eb lidhet me aktivitetet e tij. Tarifa mesatare e k\u00ebtij sigurimi \u00ebsht\u00eb 2% e t\u00eb ardhurave totale t\u00eb biznesit q\u00eb ushtron klienti<\/span>[\/vc_toggle][vc_toggle title=&#8221;A ka ndonj\u00eb afat kohor p\u00ebr t\u00eb sjell\u00eb dokumentet e nj\u00eb k\u00ebrkese p\u00ebr d\u00ebmshp\u00ebrblim tek ju?&#8221; style=&#8221;arrow&#8221; css=&#8221;.vc_custom_1701860350298{background-color: #ffffff !important;}&#8221;]Po, ka nj\u00eb limit kohor p\u00ebr t\u00eb njoftuar d\u00ebmin dhe p\u00ebr t\u00eb sjell\u00eb dokumentet p\u00ebrkat\u00ebse. Polica juaj e sigurimit e p\u00ebrmban k\u00ebt\u00eb informacion. Ju rekomandojm\u00eb q\u00eb t\u00eb sillni tek ne t\u00eb gjitha dokumentet n\u00eb lidhje me d\u00ebmin sapo t\u2019i keni gati. Sa m\u00eb par\u00eb t\u00eb na i sillni dokumentet e k\u00ebrkuara, aq m\u00eb shpejt do t\u00eb vler\u00ebsohet d\u00ebmi juaj.[\/vc_toggle]<div class=\"basel-button-wrapper text-center\"><a href=\"https:\/\/sigal.com.al\/sherbime-dhe-kontakte\/pyetje-te-shpeshta\/#pasuri-dhe-garanci-faq\" title=\"\" target=\"_blank\" class=\"btn btn-color-primary btn-style-bordered btn-size-default butoni-per-produkte-oferta1\">Shiko t\u00eb gjitha<\/a><\/div>[\/vc_column][vc_column width=&#8221;1\/6&#8243;][\/vc_column][\/vc_row][vc_row full_width=&#8221;stretch_row&#8221; gap=&#8221;20&#8243; css=&#8221;.vc_custom_1684231453062{background-color: #005ca9 !important;}&#8221;][vc_column width=&#8221;1\/6&#8243;][\/vc_column][vc_column width=&#8221;2\/6&#8243;][vc_custom_heading text=&#8221;D\u00ebshironi t\u00eb dini m\u00eb shum\u00eb p\u00ebr produktet tona?<br \/>\nNa kontaktoni.&#8221; font_container=&#8221;tag:h2|font_size:2.0625rem|text_align:left|color:%23ffffff|line_height:2.5rem&#8221; use_theme_fonts=&#8221;yes&#8221; el_class=&#8221;titulli-heading&#8221;][vc_custom_heading text=&#8221;Ekipi yn\u00eb i specialist\u00ebve do t&#8217;ju ndihmoj\u00eb t\u00eb:&#8221; font_container=&#8221;tag:p|font_size:16px|text_align:left|color:%23e2e8f0&#8243; use_theme_fonts=&#8221;yes&#8221; css=&#8221;.vc_custom_1684239058338{margin-bottom: 40px !important;}&#8221; el_class=&#8221;nentitulli&#8221;]\n\t\t<div class=\"basel-list color-scheme-light basel-text-size-large basel-list-type-icon basel-list-style-default \" id=\"basel-list-id-69e1040917b92\">\n\t\t\t<ul>\n\t\t\t\t\t\t\t\t\t\t\t\t\t\t<li>\n\t\t\t\t\t\t\t\t\t\t\t\t\t<div class=\"list-icon fas fa-check-circle\"><\/div>\n\t\t\t\t\t\t\t\t\t\t\t\t<span class=\"list-content\">M\u00ebsoni p\u00ebr paketat dhe p\u00ebrfitimet e produkteve tona<\/span>\n\t\t\t\t\t<\/li>\n\t\t\t\t\t\t\t\t\t\t\t\t\t\t<li>\n\t\t\t\t\t\t\t\t\t\t\t\t\t<div class=\"list-icon fas fa-check-circle\"><\/div>\n\t\t\t\t\t\t\t\t\t\t\t\t<span class=\"list-content\">Merrni nj\u00eb ofert\u00eb individuale<\/span>\n\t\t\t\t\t<\/li>\n\t\t\t\t\t\t\t\t\t\t\t\t\t\t<li>\n\t\t\t\t\t\t\t\t\t\t\t\t\t<div class=\"list-icon fas fa-check-circle\"><\/div>\n\t\t\t\t\t\t\t\t\t\t\t\t<span class=\"list-content\">Planifikoni nj\u00eb takim personal<\/span>\n\t\t\t\t\t<\/li>\n\t\t\t\t\t\t\t\t\t\t\t\t\t\t<li>\n\t\t\t\t\t\t\t\t\t\t\t\t\t<div class=\"list-icon fas fa-check-circle\"><\/div>\n\t\t\t\t\t\t\t\t\t\t\t\t<span class=\"list-content\">Zgjidhni sh\u00ebrbimin e duhur p\u00ebr ju<\/span>\n\t\t\t\t\t<\/li>\n\t\t\t\t\t\t\t<\/ul>\n\n\t\t\t<style>\n\t\t\t\t#basel-list-id-69e1040917b92 .list-icon {\n\n                    color: #2da679;\n                }   \n                   \n                \t\t\t\t\/* *\/\n\t\t\t<\/style>\n\t\t<\/div>\n\t\t\n\t\t[vc_separator color=&#8221;custom&#8221; align=&#8221;align_left&#8221; accent_color=&#8221;#e2e8f0&#8243;][vc_custom_heading text=&#8221;Na Telefononi falas n\u00eb 0800 31 31&#8243; font_container=&#8221;tag:h2|font_size:1.75rem|text_align:left|color:%23ffffff|line_height:35px&#8221; use_theme_fonts=&#8221;yes&#8221; css=&#8221;.vc_custom_1684239062626{margin-bottom: 20px !important;}&#8221; el_class=&#8221;titulli-heading&#8221;][vc_row_inner gap=&#8221;5&#8243; css=&#8221;.vc_custom_1678872421615{margin-bottom: 20px !important;}&#8221;][vc_column_inner width=&#8221;1\/3&#8243;]<div class=\"basel-button-wrapper text-left\"><a href=\"telto:+35542233308\" title=\"\" class=\"btn btn-color-white btn-style-bordered btn-size-default\">+355 4 22 333 08<\/a><\/div>[\/vc_column_inner][vc_column_inner width=&#8221;1\/3&#8243;]<div class=\"basel-button-wrapper text-left\"><a href=\"https:\/\/wa.me\/355686062829\" title=\"\" class=\"btn btn-color-white btn-style-bordered btn-size-default\">+355 68 606 2829<\/a><\/div>[\/vc_column_inner][vc_column_inner width=&#8221;1\/3&#8243;]<div class=\"basel-button-wrapper text-left\"><a href=\"\/sherbime-dhe-kontakte\/agjentet-e-sigal\/\" title=\"\" class=\"btn btn-color-white btn-style-bordered btn-size-default\">Zyrat SIGAL<\/a><\/div>[\/vc_column_inner][\/vc_row_inner][\/vc_column][vc_column width=&#8221;2\/6&#8243; css=&#8221;.vc_custom_1678871840501{margin-top: 40px !important;padding-top: 40px !important;padding-bottom: 40px !important;background-color: #eef2fa !important;}&#8221;]\n<div class=\"wpcf7 no-js\" id=\"wpcf7-f1007624-o1\" lang=\"sq-AL\" dir=\"ltr\" data-wpcf7-id=\"1007624\">\n<div class=\"screen-reader-response\"><p role=\"status\" aria-live=\"polite\" aria-atomic=\"true\"><\/p> <ul><\/ul><\/div>\n<form action=\"\/en\/wp-json\/wp\/v2\/pages\/1036044#wpcf7-f1007624-o1\" method=\"post\" class=\"wpcf7-form init\" aria-label=\"Contact form\" novalidate=\"novalidate\" data-status=\"init\">\n<fieldset class=\"hidden-fields-container\"><input type=\"hidden\" name=\"_wpcf7\" value=\"1007624\" \/><input type=\"hidden\" name=\"_wpcf7_version\" value=\"6.1.5\" \/><input type=\"hidden\" name=\"_wpcf7_locale\" value=\"sq_AL\" \/><input type=\"hidden\" name=\"_wpcf7_unit_tag\" value=\"wpcf7-f1007624-o1\" \/><input type=\"hidden\" name=\"_wpcf7_container_post\" value=\"0\" \/><input type=\"hidden\" name=\"_wpcf7_posted_data_hash\" value=\"\" \/>\n<\/fieldset>\n<div class=\"wpcf7-turnstile cf-turnstile\" data-sitekey=\"0x4AAAAAACKGcnrqisWxcxWh\" data-response-field-name=\"_wpcf7_turnstile_response\"><\/div>\n\n<div class=\"row\">\n\t<div class=\"col-md-12\">\n\t\t<p class=\"text-contact-form-new\">Emri *\n\t\t<\/p>\n\t\t<p><span class=\"wpcf7-form-control-wrap\" data-name=\"text-4\"><input size=\"40\" maxlength=\"400\" class=\"wpcf7-form-control wpcf7-text wpcf7-validates-as-required\" aria-required=\"true\" aria-invalid=\"false\" placeholder=\"Emri juaj\" value=\"\" type=\"text\" name=\"text-4\" \/><\/span>\n\t\t<\/p>\n\t<\/div>\n\t<div class=\"col-md-12\">\n\t\t<p class=\"text-contact-form-new\">Emaili *\n\t\t<\/p>\n\t\t<p><span class=\"wpcf7-form-control-wrap\" data-name=\"email-4\"><input size=\"40\" maxlength=\"400\" class=\"wpcf7-form-control wpcf7-email wpcf7-validates-as-required wpcf7-text wpcf7-validates-as-email\" aria-required=\"true\" aria-invalid=\"false\" placeholder=\"Emaili juaj\" value=\"\" type=\"email\" name=\"email-4\" \/><\/span>\n\t\t<\/p>\n\t<\/div>\n\t<div class=\"col-md-12\">\n\t\t<p class=\"text-contact-form-new\">Nr. Cel *\n\t\t<\/p>\n\t\t<p><span class=\"wpcf7-form-control-wrap\" data-name=\"tel-4\"><input size=\"40\" maxlength=\"400\" class=\"wpcf7-form-control wpcf7-tel wpcf7-validates-as-required wpcf7-text wpcf7-validates-as-tel\" aria-required=\"true\" aria-invalid=\"false\" placeholder=\"Numri juaj\" value=\"\" type=\"tel\" name=\"tel-4\" \/><\/span>\n\t\t<\/p>\n\t<\/div>\n<\/div>\n<p class=\"forma-kontakt\"><input class=\"wpcf7-form-control wpcf7-submit has-spinner btn btn-color-alt\" type=\"submit\" value=\"M\u00eb kontakto\" \/>\n<\/p>\n<p class=\"text-contact-form-new-end\">T\u00eb dh\u00ebnat tuaja personale do t\u00eb p\u00ebrdoren vet\u00ebm p\u00ebr q\u00ebllimin e ofrimit t\u00eb informacionit shtes\u00eb rreth produkteve t\u00eb SIGAL INSURANCE GROUP\n<\/p><p style=\"display: none !important;\" class=\"akismet-fields-container\" data-prefix=\"_wpcf7_ak_\"><label>&#916;<textarea name=\"_wpcf7_ak_hp_textarea\" cols=\"45\" rows=\"8\" maxlength=\"100\"><\/textarea><\/label><input type=\"hidden\" id=\"ak_js_1\" name=\"_wpcf7_ak_js\" value=\"116\"\/><script>document.getElementById( \"ak_js_1\" ).setAttribute( \"value\", ( new Date() ).getTime() );<\/script><\/p><div class=\"wpcf7-response-output\" aria-hidden=\"true\"><\/div>\n<\/form>\n<\/div>\n[\/vc_column][vc_column width=&#8221;1\/6&#8243;][\/vc_column][\/vc_row][\/vc_section]\n<\/div>","protected":false},"excerpt":{"rendered":"<p>[vc_section full_width=&#8221;stretch_row&#8221; css=&#8221;.vc_custom_1678870741497{margin-top: -40px !important;margin-bottom: -40px !important;background-color: #ffffff !important;}&#8221;][vc_row full_width=&#8221;stretch_row_content&#8221; css=&#8221;.vc_custom_1678711431763{margin-top: -40px !important;background-color: #eef2fa !important;}&#8221; el_class=&#8221;titulli-margin&#8221;][vc_column width=&#8221;1\/6&#8243;][\/vc_column][vc_column width=&#8221;2\/6&#8243; el_class=&#8221;first-row-landing&#8221;][vc_custom_heading text=&#8221;Sigurimi<\/p>\n","protected":false},"author":6,"featured_media":0,"parent":0,"menu_order":0,"comment_status":"closed","ping_status":"closed","template":"","meta":{"footnotes":""},"class_list":["post-1036044","page","type-page","status-publish","hentry"],"yoast_head":"<!-- This site is optimized with the Yoast SEO plugin v27.3 - https:\/\/yoast.com\/product\/yoast-seo-wordpress\/ -->\n<title>Sigurimi i P\u00ebrgjegj\u00ebsis\u00eb Profesionale - SIGAL INSURANCE GROUP<\/title>\n<meta name=\"robots\" content=\"index, follow, max-snippet:-1, max-image-preview:large, max-video-preview:-1\" \/>\n<link rel=\"canonical\" href=\"https:\/\/sigal.com.al\/en\/sigurimi-i-pergjegjesise-profesionale\/\" \/>\n<meta property=\"og:locale\" content=\"en_US\" \/>\n<meta property=\"og:type\" content=\"article\" \/>\n<meta property=\"og:title\" content=\"Sigurimi i P\u00ebrgjegj\u00ebsis\u00eb Profesionale - SIGAL INSURANCE GROUP\" \/>\n<meta property=\"og:description\" content=\"[vc_section full_width=&#8221;stretch_row&#8221; css=&#8221;.vc_custom_1678870741497{margin-top: -40px !important;margin-bottom: -40px !important;background-color: #ffffff !important;}&#8221;][vc_row full_width=&#8221;stretch_row_content&#8221; css=&#8221;.vc_custom_1678711431763{margin-top: -40px !important;background-color: #eef2fa !important;}&#8221; el_class=&#8221;titulli-margin&#8221;][vc_column width=&#8221;1\/6&#8243;][\/vc_column][vc_column width=&#8221;2\/6&#8243; el_class=&#8221;first-row-landing&#8221;][vc_custom_heading text=&#8221;Sigurimi\" \/>\n<meta property=\"og:url\" content=\"https:\/\/sigal.com.al\/en\/sigurimi-i-pergjegjesise-profesionale\/\" \/>\n<meta property=\"og:site_name\" content=\"SIGAL INSURANCE GROUP\" \/>\n<meta property=\"article:publisher\" content=\"https:\/\/www.facebook.com\/sigal.insurance\" \/>\n<meta property=\"article:modified_time\" content=\"2025-10-08T10:56:09+00:00\" \/>\n<meta property=\"og:image\" content=\"https:\/\/sigal.com.al\/wp-content\/uploads\/2025\/11\/b20f4b8d.jpg\" \/>\n\t<meta property=\"og:image:width\" content=\"2048\" \/>\n\t<meta property=\"og:image:height\" content=\"2048\" \/>\n\t<meta property=\"og:image:type\" content=\"image\/jpeg\" \/>\n<meta name=\"twitter:card\" content=\"summary_large_image\" \/>\n<meta name=\"twitter:site\" content=\"@sigal_group\" \/>\n<meta name=\"twitter:label1\" content=\"Est. reading time\" \/>\n\t<meta name=\"twitter:data1\" content=\"3 minutes\" \/>\n<!-- \/ Yoast SEO plugin. -->","yoast_head_json":{"title":"Sigurimi i P\u00ebrgjegj\u00ebsis\u00eb Profesionale - SIGAL INSURANCE GROUP","robots":{"index":"index","follow":"follow","max-snippet":"max-snippet:-1","max-image-preview":"max-image-preview:large","max-video-preview":"max-video-preview:-1"},"canonical":"https:\/\/sigal.com.al\/en\/sigurimi-i-pergjegjesise-profesionale\/","og_locale":"en_US","og_type":"article","og_title":"Sigurimi i P\u00ebrgjegj\u00ebsis\u00eb Profesionale - SIGAL INSURANCE GROUP","og_description":"[vc_section full_width=&#8221;stretch_row&#8221; css=&#8221;.vc_custom_1678870741497{margin-top: -40px !important;margin-bottom: -40px !important;background-color: #ffffff !important;}&#8221;][vc_row full_width=&#8221;stretch_row_content&#8221; css=&#8221;.vc_custom_1678711431763{margin-top: -40px !important;background-color: #eef2fa !important;}&#8221; el_class=&#8221;titulli-margin&#8221;][vc_column width=&#8221;1\/6&#8243;][\/vc_column][vc_column width=&#8221;2\/6&#8243; el_class=&#8221;first-row-landing&#8221;][vc_custom_heading text=&#8221;Sigurimi","og_url":"https:\/\/sigal.com.al\/en\/sigurimi-i-pergjegjesise-profesionale\/","og_site_name":"SIGAL INSURANCE GROUP","article_publisher":"https:\/\/www.facebook.com\/sigal.insurance","article_modified_time":"2025-10-08T10:56:09+00:00","og_image":[{"width":2048,"height":2048,"url":"https:\/\/sigal.com.al\/wp-content\/uploads\/2025\/11\/b20f4b8d.jpg","type":"image\/jpeg"}],"twitter_card":"summary_large_image","twitter_site":"@sigal_group","twitter_misc":{"Est. reading time":"3 minutes"},"schema":{"@context":"https:\/\/schema.org","@graph":[{"@type":"WebPage","@id":"https:\/\/sigal.com.al\/en\/sigurimi-i-pergjegjesise-profesionale\/","url":"https:\/\/sigal.com.al\/en\/sigurimi-i-pergjegjesise-profesionale\/","name":"Sigurimi i P\u00ebrgjegj\u00ebsis\u00eb Profesionale - SIGAL INSURANCE GROUP","isPartOf":{"@id":"https:\/\/sigal.com.al\/en\/#website"},"datePublished":"2023-12-06T11:02:39+00:00","dateModified":"2025-10-08T10:56:09+00:00","breadcrumb":{"@id":"https:\/\/sigal.com.al\/en\/sigurimi-i-pergjegjesise-profesionale\/#breadcrumb"},"inLanguage":"en-US","potentialAction":[{"@type":"ReadAction","target":["https:\/\/sigal.com.al\/en\/sigurimi-i-pergjegjesise-profesionale\/"]}]},{"@type":"BreadcrumbList","@id":"https:\/\/sigal.com.al\/en\/sigurimi-i-pergjegjesise-profesionale\/#breadcrumb","itemListElement":[{"@type":"ListItem","position":1,"name":"Kreu","item":"https:\/\/sigal.com.al\/en\/"},{"@type":"ListItem","position":2,"name":"Sigurimi i P\u00ebrgjegj\u00ebsis\u00eb Profesionale"}]},{"@type":"WebSite","@id":"https:\/\/sigal.com.al\/en\/#website","url":"https:\/\/sigal.com.al\/en\/","name":"SIGAL INSURANCE GROUP","description":"Kompania nr. 1 e sigurimeve","publisher":{"@id":"https:\/\/sigal.com.al\/en\/#organization"},"potentialAction":[{"@type":"SearchAction","target":{"@type":"EntryPoint","urlTemplate":"https:\/\/sigal.com.al\/en\/?s={search_term_string}"},"query-input":{"@type":"PropertyValueSpecification","valueRequired":true,"valueName":"search_term_string"}}],"inLanguage":"en-US"},{"@type":"Organization","@id":"https:\/\/sigal.com.al\/en\/#organization","name":"SIGAL INSURANCE GROUP","url":"https:\/\/sigal.com.al\/en\/","logo":{"@type":"ImageObject","inLanguage":"en-US","@id":"https:\/\/sigal.com.al\/en\/#\/schema\/logo\/image\/","url":"https:\/\/sigal.com.al\/wp-content\/uploads\/2025\/11\/b20f4b8d.jpg","contentUrl":"https:\/\/sigal.com.al\/wp-content\/uploads\/2025\/11\/b20f4b8d.jpg","width":2048,"height":2048,"caption":"SIGAL INSURANCE GROUP"},"image":{"@id":"https:\/\/sigal.com.al\/en\/#\/schema\/logo\/image\/"},"sameAs":["https:\/\/www.facebook.com\/sigal.insurance","https:\/\/x.com\/sigal_group","https:\/\/www.instagram.com\/sigal_insurance_group\/","https:\/\/www.linkedin.com\/company\/sigal-insurance-group\/","https:\/\/www.youtube.com\/@SIGALInsuranceGroup","https:\/\/en.wikipedia.org\/wiki\/SIGAL_(insurance_company)"]}]}},"post_mailing_queue_ids":[],"_links":{"self":[{"href":"https:\/\/sigal.com.al\/en\/wp-json\/wp\/v2\/pages\/1036044","targetHints":{"allow":["GET"]}}],"collection":[{"href":"https:\/\/sigal.com.al\/en\/wp-json\/wp\/v2\/pages"}],"about":[{"href":"https:\/\/sigal.com.al\/en\/wp-json\/wp\/v2\/types\/page"}],"author":[{"embeddable":true,"href":"https:\/\/sigal.com.al\/en\/wp-json\/wp\/v2\/users\/6"}],"replies":[{"embeddable":true,"href":"https:\/\/sigal.com.al\/en\/wp-json\/wp\/v2\/comments?post=1036044"}],"version-history":[{"count":1,"href":"https:\/\/sigal.com.al\/en\/wp-json\/wp\/v2\/pages\/1036044\/revisions"}],"predecessor-version":[{"id":1041507,"href":"https:\/\/sigal.com.al\/en\/wp-json\/wp\/v2\/pages\/1036044\/revisions\/1041507"}],"wp:attachment":[{"href":"https:\/\/sigal.com.al\/en\/wp-json\/wp\/v2\/media?parent=1036044"}],"curies":[{"name":"wp","href":"https:\/\/api.w.org\/{rel}","templated":true}]}}