{"id":1036026,"date":"2019-05-14T13:35:54","date_gmt":"2019-05-14T13:35:54","guid":{"rendered":"https:\/\/sigal.com.al\/shendet-dhe-aksidente\/sigurimi-privat-i-shendetit\/jete-plus\/"},"modified":"2025-10-08T13:35:19","modified_gmt":"2025-10-08T11:35:19","slug":"jete-plus","status":"publish","type":"page","link":"https:\/\/sigal.com.al\/en\/shendet-dhe-aksidente\/sigurimi-privat-i-shendetit\/jete-plus\/","title":{"rendered":"Life Plus Insurance"},"content":{"rendered":"<div class=\"wpb-content-wrapper\">[vc_section full_width=&#8221;stretch_row&#8221; css=&#8221;.vc_custom_1678870741497{margin-top: -40px !important;margin-bottom: -40px !important;background-color: #ffffff !important;}&#8221;][vc_row full_width=&#8221;stretch_row_content&#8221; css=&#8221;.vc_custom_1684153469874{margin-top: -40px !important;background-color: #eef2fa !important;}&#8221; el_class=&#8221;titulli-margin&#8221;][vc_column width=&#8221;1\/6&#8243;][\/vc_column][vc_column width=&#8221;2\/6&#8243; el_class=&#8221;first-row-landing health-row&#8221;][vc_custom_heading text=&#8221;Life Plus Care&#8221; font_container=&#8221;tag:h1|font_size:2.5rem|text_align:left|color:%23005ca9|line_height:48px&#8221; use_theme_fonts=&#8221;yes&#8221; css=&#8221;.vc_custom_1759923253661{margin-bottom: 20px !important;padding-top: 50px !important;padding-bottom: 20px !important;}&#8221; el_class=&#8221;titulli-heading1&#8243;][vc_custom_heading text=&#8221;Life Plus Care Insurance is offered only by SIGAL. Through this insurance, medical expenses are covered in case of diagnosis with a critical illness and treatment in the best hospitals outside Albania. To receive your personalized insurance quote, please click the button below.&#8221; font_container=&#8221;tag:p|font_size:16px|text_align:left|color:%23617384|line_height:1.5rem&#8221; google_fonts=&#8221;font_family:Open%20Sans%3A300%2C300italic%2Cregular%2Citalic%2C600%2C600italic%2C700%2C700italic%2C800%2C800italic|font_style:400%20regular%3A400%3Anormal&#8221; css=&#8221;&#8221; el_class=&#8221;nentitulli&#8221;][vc_row_inner][vc_column_inner width=&#8221;1\/3&#8243; css=&#8221;.vc_custom_1723627531727{padding-right: 0px !important;padding-left: 0px !important;}&#8221;][vc_btn title=&#8221;Buy Online&#8221; style=&#8221;custom&#8221; custom_background=&#8221;#008050&#8243; custom_text=&#8221;#ffffff&#8221; shape=&#8221;square&#8221; align=&#8221;left&#8221; css=&#8221;.vc_custom_1727861751046{border-radius: 1px !important;}&#8221; el_class=&#8221;cta-primary&#8221; link=&#8221;url:https%3A%2F%2Fshendet.sigal.com.al%2Fpaketa-jete-plus%2F&#8221;][\/vc_column_inner][vc_column_inner width=&#8221;2\/3&#8243;][vc_btn title=&#8221;Health Questionnaire&#8221; style=&#8221;custom&#8221; custom_background=&#8221;#008050&#8243; custom_text=&#8221;#ffffff&#8221; shape=&#8221;square&#8221; align=&#8221;left&#8221; css=&#8221;.vc_custom_1726743678920{padding-right: 0px !important;padding-left: 0px !important;border-radius: 1px !important;}&#8221; el_class=&#8221;cta-primary&#8221; link=&#8221;url:https%3A%2F%2Fsigal.com.al%2Fshendet-dhe-aksidente%2Fsigurimi-privat-i-shendetit%2Fjete-plus-zyra%2F&#8221;][\/vc_column_inner][\/vc_row_inner][\/vc_column][vc_column width=&#8221;3\/6&#8243; css=&#8221;.vc_custom_1757594830638{padding-top: 200px !important;padding-bottom: 250px !important;background-image: url(https:\/\/sigal.com.al\/wp-content\/uploads\/2025\/09\/39871021.png?id=1040925) !important;background-position: center !important;background-repeat: no-repeat !important;background-size: cover !important;}&#8221; el_class=&#8221;header_img&#8221;][\/vc_column][\/vc_row][vc_row][vc_column width=&#8221;1\/6&#8243;][\/vc_column][vc_column width=&#8221;4\/6&#8243;][vc_custom_heading text=&#8221;Treat serious illnesses worldwide<br \/>\nwith &#8220;Life Plus Care&#8220; insurance&#8221; font_container=&#8221;tag:h2|font_size:2.0625rem|text_align:center|color:%23005ca9|line_height:2.5rem&#8221; use_theme_fonts=&#8221;yes&#8221; css=&#8221;&#8221; el_class=&#8221;titulli-heading&#8221;][vc_custom_heading text=&#8221;Get an offer by filling out the form&#8221; font_container=&#8221;tag:p|font_size:16px|text_align:center|color:%23617384|line_height:1.5rem&#8221; google_fonts=&#8221;font_family:Open%20Sans%3A300%2C300italic%2Cregular%2Citalic%2C600%2C600italic%2C700%2C700italic%2C800%2C800italic|font_style:400%20regular%3A400%3Anormal&#8221; css=&#8221;&#8221; el_class=&#8221;nentitulli&#8221;][\/vc_column][vc_column width=&#8221;1\/6&#8243;][\/vc_column][\/vc_row][vc_row][vc_column width=&#8221;1\/6&#8243;][\/vc_column][vc_column width=&#8221;2\/6&#8243; css=&#8221;.vc_custom_1695719660519{margin-right: 10px !important;background-color: #e2e8f0 !important;}&#8221;][vc_custom_heading text=&#8221;&#8220;Life Plus Care&#8220; policy covers:&#8221; font_container=&#8221;tag:h2|font_size:2.0625rem|text_align:center|color:%23005ca9|line_height:2.5rem&#8221; use_theme_fonts=&#8221;yes&#8221; css=&#8221;&#8221; el_class=&#8221;titulli-heading&#8221;]\n\t\t<div class=\"basel-list color-scheme-dark basel-text-size-default basel-list-type-icon basel-list-style-default \" id=\"basel-list-id-69deb3cb21950\">\n\t\t\t<ul>\n\t\t\t\t\t\t\t\t\t\t\t\t\t\t<li>\n\t\t\t\t\t\t\t\t\t\t\t\t\t<div class=\"list-icon fas fa-check-circle\"><\/div>\n\t\t\t\t\t\t\t\t\t\t\t\t<span class=\"list-content\">Medical treatment of malignant tumors<\/span>\n\t\t\t\t\t<\/li>\n\t\t\t\t\t\t\t\t\t\t\t\t\t\t<li>\n\t\t\t\t\t\t\t\t\t\t\t\t\t<div class=\"list-icon fas fa-check-circle\"><\/div>\n\t\t\t\t\t\t\t\t\t\t\t\t<span class=\"list-content\">Coronary artery bypass<\/span>\n\t\t\t\t\t<\/li>\n\t\t\t\t\t\t\t\t\t\t\t\t\t\t<li>\n\t\t\t\t\t\t\t\t\t\t\t\t\t<div class=\"list-icon fas fa-check-circle\"><\/div>\n\t\t\t\t\t\t\t\t\t\t\t\t<span class=\"list-content\">Replacement and repair of heart valves<\/span>\n\t\t\t\t\t<\/li>\n\t\t\t\t\t\t\t\t\t\t\t\t\t\t<li>\n\t\t\t\t\t\t\t\t\t\t\t\t\t<div class=\"list-icon fas fa-check-circle\"><\/div>\n\t\t\t\t\t\t\t\t\t\t\t\t<span class=\"list-content\">Transplantation of organs and tissues of living donors (cases of leukemia)<\/span>\n\t\t\t\t\t<\/li>\n\t\t\t\t\t\t\t\t\t\t\t\t\t\t<li>\n\t\t\t\t\t\t\t\t\t\t\t\t\t<div class=\"list-icon fas fa-check-circle\"><\/div>\n\t\t\t\t\t\t\t\t\t\t\t\t<span class=\"list-content\">Neurosurgery (intervention on the head and spine)<\/span>\n\t\t\t\t\t<\/li>\n\t\t\t\t\t\t\t<\/ul>\n\n\t\t\t<style>\n\t\t\t\t#basel-list-id-69deb3cb21950 .list-icon {\n\n                    color: #2da679;\n                }   \n                   \n                \t\t\t\t\/* *\/\n\t\t\t<\/style>\n\t\t<\/div>\n\t\t\n\t\t[\/vc_column][vc_column width=&#8221;2\/6&#8243; css=&#8221;.vc_custom_1695800343696{background-color: #e2e8f0 !important;}&#8221; el_class=&#8221;vc_column_sp&#8221;][vc_custom_heading text=&#8221;The &#8220;Life Plus Care&#8220; policy also enables:&#8221; font_container=&#8221;tag:h2|font_size:2.0625rem|text_align:center|color:%23005ca9|line_height:2.5rem&#8221; use_theme_fonts=&#8221;yes&#8221; css=&#8221;&#8221; el_class=&#8221;titulli-heading&#8221;]\n\t\t<div class=\"basel-list color-scheme-dark basel-text-size-default basel-list-type-icon basel-list-style-default \" id=\"basel-list-id-69deb3cb219bf\">\n\t\t\t<ul>\n\t\t\t\t\t\t\t\t\t\t\t\t\t\t<li>\n\t\t\t\t\t\t\t\t\t\t\t\t\t<div class=\"list-icon fas fa-check-circle\"><\/div>\n\t\t\t\t\t\t\t\t\t\t\t\t<span class=\"list-content\">Second medical opinion on the diagnosis identified by the most reputable specialists in the field<\/span>\n\t\t\t\t\t<\/li>\n\t\t\t\t\t\t\t\t\t\t\t\t\t\t<li>\n\t\t\t\t\t\t\t\t\t\t\t\t\t<div class=\"list-icon fas fa-check-circle\"><\/div>\n\t\t\t\t\t\t\t\t\t\t\t\t<span class=\"list-content\">Selection of the best hospital for the identified diagnosis<\/span>\n\t\t\t\t\t<\/li>\n\t\t\t\t\t\t\t\t\t\t\t\t\t\t<li>\n\t\t\t\t\t\t\t\t\t\t\t\t\t<div class=\"list-icon fas fa-check-circle\"><\/div>\n\t\t\t\t\t\t\t\t\t\t\t\t<span class=\"list-content\">High coverage limits, up to 1 million Euros<\/span>\n\t\t\t\t\t<\/li>\n\t\t\t\t\t\t\t\t\t\t\t\t\t\t<li>\n\t\t\t\t\t\t\t\t\t\t\t\t\t<div class=\"list-icon fas fa-check-circle\"><\/div>\n\t\t\t\t\t\t\t\t\t\t\t\t<span class=\"list-content\">Travel and accommodation expenses covered from start to finish of treatment<\/span>\n\t\t\t\t\t<\/li>\n\t\t\t\t\t\t\t\t\t\t\t\t\t\t<li>\n\t\t\t\t\t\t\t\t\t\t\t\t\t<div class=\"list-icon fas fa-check-circle\"><\/div>\n\t\t\t\t\t\t\t\t\t\t\t\t<span class=\"list-content\">Expenses of the relative accompanying the patient and monetary reward for each day of stay, up to 60 days<\/span>\n\t\t\t\t\t<\/li>\n\t\t\t\t\t\t\t<\/ul>\n\n\t\t\t<style>\n\t\t\t\t#basel-list-id-69deb3cb219bf .list-icon {\n\n                    color: #2da679;\n                }   \n                   \n                \t\t\t\t\/* *\/\n\t\t\t<\/style>\n\t\t<\/div>\n\t\t\n\t\t[\/vc_column][vc_column width=&#8221;1\/6&#8243;][\/vc_column][\/vc_row][vc_row][vc_column width=&#8221;1\/4&#8243;][\/vc_column][vc_column width=&#8221;1\/2&#8243; css=&#8221;.vc_custom_1695719953159{margin-top: 5rem !important;}&#8221;][vc_raw_html]JTNDZGl2JTIwY2xhc3MlM0QlMjJ2aWRlb1dyYXBwZXIlMjIlM0UlM0NpZnJhbWUlMjB3aWR0aCUzRCUyMjU2MCUyMiUyMGhlaWdodCUzRCUyMjMxNSUyMiUyMHNyYyUzRCUyMmh0dHBzJTNBJTJGJTJGd3d3LnlvdXR1YmUuY29tJTJGZW1iZWQlMkZ2aWRlb3NlcmllcyUzRmxpc3QlM0RQTHJvcHY0YUgydWl3dWgzTzhfS3pyZmEzR3MtX0Q1VmVhJTIyJTIwZnJhbWVib3JkZXIlM0QlMjIwJTIyJTIwYWxsb3clM0QlMjJhdXRvcGxheSUzQiUyMGVuY3J5cHRlZC1tZWRpYSUyMiUyMGFsbG93ZnVsbHNjcmVlbiUzRSUzQyUyRmlmcmFtZSUzRSUwQSUzQyUyRmRpdiUzRSUwQSUwQSUwQSUzQ3N0eWxlJTNFJTBBLnZpZGVvV3JhcHBlciUyMCU3QiUwQSUwOXBvc2l0aW9uJTNBJTIwcmVsYXRpdmUlM0IlMEElMDlwYWRkaW5nLWJvdHRvbSUzQSUyMDU2LjI1JTI1JTNCJTIwJTJGJTJBJTIwMTYlM0E5JTIwJTJBJTJGJTBBJTA5cGFkZGluZy10b3AlM0ElMjAyNXB4JTNCJTBBJTA5aGVpZ2h0JTNBJTIwMCUzQiUwQSU3RCUwQS52aWRlb1dyYXBwZXIlMjBpZnJhbWUlMjAlN0IlMEElMDlwb3NpdGlvbiUzQSUyMGFic29sdXRlJTNCJTBBJTA5dG9wJTNBJTIwMCUzQiUwQSUwOWxlZnQlM0ElMjAwJTNCJTBBJTA5d2lkdGglM0ElMjAxMDAlMjUlM0IlMEElMDloZWlnaHQlM0ElMjAxMDAlMjUlM0IlMEElN0QlMEElMEElM0MlMkZzdHlsZSUzRSUwQQ==[\/vc_raw_html][\/vc_column][vc_column width=&#8221;1\/4&#8243;][\/vc_column][\/vc_row][vc_row css=&#8221;.vc_custom_1678876803674{margin-bottom: 10px !important;}&#8221;][vc_column width=&#8221;1\/6&#8243;][\/vc_column][vc_column width=&#8221;4\/6&#8243;][vc_custom_heading text=&#8221;Frequently asked questions&#8221; font_container=&#8221;tag:h1|font_size:32px|text_align:center|color:%23005ca9|line_height:48px&#8221; use_theme_fonts=&#8221;yes&#8221; css=&#8221;&#8221; el_class=&#8221;titulli-heading&#8221;][vc_toggle title=&#8221;What happens if I ask for help or advice?&#8221; style=&#8221;arrow&#8221; css=&#8221;.vc_custom_1726743910378{background-color: #ffffff !important;}&#8221;]\n<ul>\n<li>If you need help or advice, contact us from 8 am to 4.30 pm<\/li>\n<li>E-mail: infoshendet@uniqa.al<\/li>\n<li>In case of emergency, do not hesitate to call 04 2 233 308<\/li>\n<\/ul>\n[\/vc_toggle][vc_toggle title=&#8221;Do I need to seek approval for every medical service I receive?&#8221; style=&#8221;arrow&#8221; css=&#8221;.vc_custom_1726743947359{background-color: #ffffff !important;}&#8221;]It is a contractual requirement that you request prior authorization for these services:<\/p>\n<ul>\n<li>Hospitalization<\/li>\n<li>Day surgery<\/li>\n<li>Medical evacuation by air ambulance<\/li>\n<\/ul>\n[\/vc_toggle][vc_toggle title=&#8221;How do chronic diseases differ from pre-existing diseases?&#8221; style=&#8221;arrow&#8221; css=&#8221;.vc_custom_1726743973024{background-color: #ffffff !important;}&#8221;]A chronic disease is that diagnosis for which there is no known curative treatment, such as: Asthma or Diabetes. A pre-existing condition is one that first developed symptoms before insurance coverage began, or one that is a direct consequence of another known and diagnosed condition.[\/vc_toggle]<div class=\"basel-button-wrapper text-center\"><a href=\"https:\/\/sigal.com.al\/en\/sherbime-dhe-kontakte\/pyetje-te-shpeshta\/\" title=\"\" target=\"_blank\" class=\"btn btn-color-primary btn-style-bordered btn-size-default butoni-per-produkte-oferta\">See All<\/a><\/div>[\/vc_column][vc_column width=&#8221;1\/6&#8243;][\/vc_column][\/vc_row][vc_row full_width=&#8221;stretch_row&#8221; gap=&#8221;20&#8243; css=&#8221;.vc_custom_1683621926982{background-color: #005ca9 !important;}&#8221;][vc_column width=&#8221;1\/6&#8243;][\/vc_column][vc_column width=&#8221;2\/6&#8243;][vc_custom_heading text=&#8221;Want to know more about our products?<br \/>\nContact us.&#8221; font_container=&#8221;tag:h2|font_size:2.0625rem|text_align:left|color:%23ffffff|line_height:2.5rem&#8221; use_theme_fonts=&#8221;yes&#8221; css=&#8221;&#8221; el_class=&#8221;titulli-heading&#8221;][vc_custom_heading text=&#8221;Our team of specialists will help you to:&#8221; font_container=&#8221;tag:p|font_size:16px|text_align:left|color:%23e2e8f0|line_height:1.5rem&#8221; use_theme_fonts=&#8221;yes&#8221; css=&#8221;.vc_custom_1726744044197{margin-bottom: 40px !important;}&#8221; el_class=&#8221;nentitulli&#8221;]\n\t\t<div class=\"basel-list color-scheme-light basel-text-size-large basel-list-type-icon basel-list-style-default \" id=\"basel-list-id-69deb3cb21a3a\">\n\t\t\t<ul>\n\t\t\t\t\t\t\t\t\t\t\t\t\t\t<li>\n\t\t\t\t\t\t\t\t\t\t\t\t\t<div class=\"list-icon fas fa-check-circle\"><\/div>\n\t\t\t\t\t\t\t\t\t\t\t\t<span class=\"list-content\">Learn about our product packages and benefits<\/span>\n\t\t\t\t\t<\/li>\n\t\t\t\t\t\t\t\t\t\t\t\t\t\t<li>\n\t\t\t\t\t\t\t\t\t\t\t\t\t<div class=\"list-icon fas fa-check-circle\"><\/div>\n\t\t\t\t\t\t\t\t\t\t\t\t<span class=\"list-content\">Get an individual offer<\/span>\n\t\t\t\t\t<\/li>\n\t\t\t\t\t\t\t\t\t\t\t\t\t\t<li>\n\t\t\t\t\t\t\t\t\t\t\t\t\t<div class=\"list-icon fas fa-check-circle\"><\/div>\n\t\t\t\t\t\t\t\t\t\t\t\t<span class=\"list-content\">Schedule a personal meeting<\/span>\n\t\t\t\t\t<\/li>\n\t\t\t\t\t\t\t\t\t\t\t\t\t\t<li>\n\t\t\t\t\t\t\t\t\t\t\t\t\t<div class=\"list-icon fas fa-check-circle\"><\/div>\n\t\t\t\t\t\t\t\t\t\t\t\t<span class=\"list-content\">Choose the right service for you<\/span>\n\t\t\t\t\t<\/li>\n\t\t\t\t\t\t\t<\/ul>\n\n\t\t\t<style>\n\t\t\t\t#basel-list-id-69deb3cb21a3a .list-icon {\n\n                    color: #2da679;\n                }   \n                   \n                \t\t\t\t\/* *\/\n\t\t\t<\/style>\n\t\t<\/div>\n\t\t\n\t\t[vc_separator color=&#8221;custom&#8221; align=&#8221;align_left&#8221; accent_color=&#8221;#e2e8f0&#8243;][vc_custom_heading text=&#8221;Call us for free on 0800 31 31&#8243; font_container=&#8221;tag:h2|font_size:1.75rem|text_align:left|color:%23ffffff|line_height:35px&#8221; use_theme_fonts=&#8221;yes&#8221; css=&#8221;.vc_custom_1726744098748{margin-bottom: 20px !important;}&#8221; el_class=&#8221;titulli-heading&#8221;][vc_row_inner gap=&#8221;5&#8243; css=&#8221;.vc_custom_1678872421615{margin-bottom: 20px !important;}&#8221;][vc_column_inner width=&#8221;1\/3&#8243;]<div class=\"basel-button-wrapper text-left\"><a href=\"telto:+35542233308\" title=\"\" class=\"btn btn-color-white btn-style-bordered btn-size-default\">+355 4 22 333 08<\/a><\/div>[\/vc_column_inner][vc_column_inner width=&#8221;1\/3&#8243;]<div class=\"basel-button-wrapper text-left\"><a href=\"https:\/\/wa.me\/355686062829\" title=\"\" class=\"btn btn-color-white btn-style-bordered btn-size-default\">+355 68 606 2829<\/a><\/div>[\/vc_column_inner][vc_column_inner width=&#8221;1\/3&#8243;]<div class=\"basel-button-wrapper text-left\"><a href=\"\/sherbime-dhe-kontakte\/agjentet-e-sigal\/\" title=\"\" class=\"btn btn-color-white btn-style-bordered btn-size-default\">Zyrat SIGAL<\/a><\/div>[\/vc_column_inner][\/vc_row_inner][\/vc_column][vc_column width=&#8221;2\/6&#8243; css=&#8221;.vc_custom_1678871840501{margin-top: 40px !important;padding-top: 40px !important;padding-bottom: 40px !important;background-color: #eef2fa !important;}&#8221;]\n<div class=\"wpcf7 no-js\" id=\"wpcf7-f1007939-o1\" lang=\"sq-AL\" dir=\"ltr\" data-wpcf7-id=\"1007939\">\n<div class=\"screen-reader-response\"><p role=\"status\" aria-live=\"polite\" aria-atomic=\"true\"><\/p> <ul><\/ul><\/div>\n<form action=\"\/en\/wp-json\/wp\/v2\/pages\/1036026#wpcf7-f1007939-o1\" method=\"post\" class=\"wpcf7-form init\" aria-label=\"Contact form\" novalidate=\"novalidate\" data-status=\"init\">\n<fieldset class=\"hidden-fields-container\"><input type=\"hidden\" name=\"_wpcf7\" value=\"1007939\" \/><input type=\"hidden\" name=\"_wpcf7_version\" value=\"6.1.5\" \/><input type=\"hidden\" name=\"_wpcf7_locale\" value=\"sq_AL\" \/><input type=\"hidden\" name=\"_wpcf7_unit_tag\" value=\"wpcf7-f1007939-o1\" \/><input type=\"hidden\" name=\"_wpcf7_container_post\" value=\"0\" \/><input type=\"hidden\" name=\"_wpcf7_posted_data_hash\" value=\"\" \/>\n<\/fieldset>\n<div class=\"wpcf7-turnstile cf-turnstile\" data-sitekey=\"0x4AAAAAACKGcnrqisWxcxWh\" data-response-field-name=\"_wpcf7_turnstile_response\"><\/div>\n\n<div class=\"row\">\n\t<div class=\"col-md-12\">\n\t\t<p class=\"text-contact-form-new\">Emri *\n\t\t<\/p>\n\t\t<p><span class=\"wpcf7-form-control-wrap\" data-name=\"text-4\"><input size=\"40\" maxlength=\"400\" class=\"wpcf7-form-control wpcf7-text wpcf7-validates-as-required\" aria-required=\"true\" aria-invalid=\"false\" placeholder=\"Emri juaj\" value=\"\" type=\"text\" name=\"text-4\" \/><\/span>\n\t\t<\/p>\n\t<\/div>\n\t<div class=\"col-md-12\">\n\t\t<p class=\"text-contact-form-new\">Emaili *\n\t\t<\/p>\n\t\t<p><span class=\"wpcf7-form-control-wrap\" data-name=\"email-4\"><input size=\"40\" maxlength=\"400\" class=\"wpcf7-form-control wpcf7-email wpcf7-validates-as-required wpcf7-text wpcf7-validates-as-email\" aria-required=\"true\" aria-invalid=\"false\" placeholder=\"Emaili juaj\" value=\"\" type=\"email\" name=\"email-4\" \/><\/span>\n\t\t<\/p>\n\t<\/div>\n\t<div class=\"col-md-12\">\n\t\t<p class=\"text-contact-form-new\">Nr. Cel *\n\t\t<\/p>\n\t\t<p><span class=\"wpcf7-form-control-wrap\" data-name=\"tel-4\"><input size=\"40\" maxlength=\"400\" class=\"wpcf7-form-control wpcf7-tel wpcf7-validates-as-required wpcf7-text wpcf7-validates-as-tel\" aria-required=\"true\" aria-invalid=\"false\" placeholder=\"Numri juaj\" value=\"\" type=\"tel\" name=\"tel-4\" \/><\/span>\n\t\t<\/p>\n\t<\/div>\n<\/div>\n<p class=\"forma-kontakt\"><input class=\"wpcf7-form-control wpcf7-submit has-spinner btn btn-color-alt\" type=\"submit\" value=\"M\u00eb kontakto\" \/>\n<\/p>\n<p class=\"text-contact-form-new-end\">T\u00eb dh\u00ebnat tuaja personale do t\u00eb p\u00ebrdoren vet\u00ebm p\u00ebr q\u00ebllimin e ofrimit t\u00eb informacionit shtes\u00eb rreth produkteve t\u00eb SIGAL INSURANCE GROUP\n<\/p><p style=\"display: none !important;\" class=\"akismet-fields-container\" data-prefix=\"_wpcf7_ak_\"><label>&#916;<textarea name=\"_wpcf7_ak_hp_textarea\" cols=\"45\" rows=\"8\" maxlength=\"100\"><\/textarea><\/label><input type=\"hidden\" id=\"ak_js_1\" name=\"_wpcf7_ak_js\" value=\"132\"\/><script>document.getElementById( \"ak_js_1\" ).setAttribute( \"value\", ( new Date() ).getTime() );<\/script><\/p><div class=\"wpcf7-response-output\" aria-hidden=\"true\"><\/div>\n<\/form>\n<\/div>\n[\/vc_column][vc_column width=&#8221;1\/6&#8243;][\/vc_column][\/vc_row][\/vc_section]\n<\/div>","protected":false},"excerpt":{"rendered":"<p>[vc_section full_width=&#8221;stretch_row&#8221; css=&#8221;.vc_custom_1678870741497{margin-top: -40px !important;margin-bottom: -40px !important;background-color: #ffffff !important;}&#8221;][vc_row full_width=&#8221;stretch_row_content&#8221; css=&#8221;.vc_custom_1684153469874{margin-top: -40px !important;background-color: #eef2fa !important;}&#8221; el_class=&#8221;titulli-margin&#8221;][vc_column width=&#8221;1\/6&#8243;][\/vc_column][vc_column width=&#8221;2\/6&#8243; el_class=&#8221;first-row-landing health-row&#8221;][vc_custom_heading<\/p>\n","protected":false},"author":1,"featured_media":0,"parent":12956,"menu_order":0,"comment_status":"closed","ping_status":"closed","template":"","meta":{"footnotes":""},"class_list":["post-1036026","page","type-page","status-publish","hentry"],"yoast_head":"<!-- This site is optimized with the Yoast SEO plugin v27.3 - https:\/\/yoast.com\/product\/yoast-seo-wordpress\/ -->\n<title>Life Plus Insurance - SIGAL INSURANCE GROUP<\/title>\n<meta name=\"robots\" content=\"index, follow, max-snippet:-1, max-image-preview:large, max-video-preview:-1\" \/>\n<link rel=\"canonical\" href=\"https:\/\/sigal.com.al\/en\/shendet-dhe-aksidente\/sigurimi-privat-i-shendetit\/jete-plus\/\" \/>\n<meta property=\"og:locale\" content=\"en_US\" \/>\n<meta property=\"og:type\" content=\"article\" \/>\n<meta property=\"og:title\" content=\"Life Plus Insurance - SIGAL INSURANCE GROUP\" \/>\n<meta property=\"og:description\" content=\"[vc_section full_width=&#8221;stretch_row&#8221; css=&#8221;.vc_custom_1678870741497{margin-top: -40px !important;margin-bottom: -40px !important;background-color: #ffffff !important;}&#8221;][vc_row full_width=&#8221;stretch_row_content&#8221; css=&#8221;.vc_custom_1684153469874{margin-top: -40px !important;background-color: #eef2fa !important;}&#8221; el_class=&#8221;titulli-margin&#8221;][vc_column width=&#8221;1\/6&#8243;][\/vc_column][vc_column width=&#8221;2\/6&#8243; el_class=&#8221;first-row-landing health-row&#8221;][vc_custom_heading\" \/>\n<meta property=\"og:url\" content=\"https:\/\/sigal.com.al\/en\/shendet-dhe-aksidente\/sigurimi-privat-i-shendetit\/jete-plus\/\" \/>\n<meta property=\"og:site_name\" content=\"SIGAL INSURANCE GROUP\" \/>\n<meta property=\"article:publisher\" content=\"https:\/\/www.facebook.com\/sigal.insurance\" \/>\n<meta property=\"article:modified_time\" content=\"2025-10-08T11:35:19+00:00\" \/>\n<meta property=\"og:image\" content=\"https:\/\/sigal.com.al\/wp-content\/uploads\/2025\/11\/b20f4b8d.jpg\" \/>\n\t<meta property=\"og:image:width\" content=\"2048\" \/>\n\t<meta property=\"og:image:height\" content=\"2048\" \/>\n\t<meta property=\"og:image:type\" content=\"image\/jpeg\" \/>\n<meta name=\"twitter:card\" content=\"summary_large_image\" \/>\n<meta name=\"twitter:site\" content=\"@sigal_group\" \/>\n<meta name=\"twitter:label1\" content=\"Est. reading time\" \/>\n\t<meta name=\"twitter:data1\" content=\"3 minutes\" \/>\n<!-- \/ Yoast SEO plugin. -->","yoast_head_json":{"title":"Life Plus Insurance - SIGAL INSURANCE GROUP","robots":{"index":"index","follow":"follow","max-snippet":"max-snippet:-1","max-image-preview":"max-image-preview:large","max-video-preview":"max-video-preview:-1"},"canonical":"https:\/\/sigal.com.al\/en\/shendet-dhe-aksidente\/sigurimi-privat-i-shendetit\/jete-plus\/","og_locale":"en_US","og_type":"article","og_title":"Life Plus Insurance - SIGAL INSURANCE GROUP","og_description":"[vc_section full_width=&#8221;stretch_row&#8221; css=&#8221;.vc_custom_1678870741497{margin-top: -40px !important;margin-bottom: -40px !important;background-color: #ffffff !important;}&#8221;][vc_row full_width=&#8221;stretch_row_content&#8221; css=&#8221;.vc_custom_1684153469874{margin-top: -40px !important;background-color: #eef2fa !important;}&#8221; el_class=&#8221;titulli-margin&#8221;][vc_column width=&#8221;1\/6&#8243;][\/vc_column][vc_column width=&#8221;2\/6&#8243; el_class=&#8221;first-row-landing health-row&#8221;][vc_custom_heading","og_url":"https:\/\/sigal.com.al\/en\/shendet-dhe-aksidente\/sigurimi-privat-i-shendetit\/jete-plus\/","og_site_name":"SIGAL INSURANCE GROUP","article_publisher":"https:\/\/www.facebook.com\/sigal.insurance","article_modified_time":"2025-10-08T11:35:19+00:00","og_image":[{"width":2048,"height":2048,"url":"https:\/\/sigal.com.al\/wp-content\/uploads\/2025\/11\/b20f4b8d.jpg","type":"image\/jpeg"}],"twitter_card":"summary_large_image","twitter_site":"@sigal_group","twitter_misc":{"Est. reading time":"3 minutes"},"schema":{"@context":"https:\/\/schema.org","@graph":[{"@type":"WebPage","@id":"https:\/\/sigal.com.al\/en\/shendet-dhe-aksidente\/sigurimi-privat-i-shendetit\/jete-plus\/","url":"https:\/\/sigal.com.al\/en\/shendet-dhe-aksidente\/sigurimi-privat-i-shendetit\/jete-plus\/","name":"Life Plus Insurance - SIGAL INSURANCE GROUP","isPartOf":{"@id":"https:\/\/sigal.com.al\/en\/#website"},"datePublished":"2019-05-14T13:35:54+00:00","dateModified":"2025-10-08T11:35:19+00:00","breadcrumb":{"@id":"https:\/\/sigal.com.al\/en\/shendet-dhe-aksidente\/sigurimi-privat-i-shendetit\/jete-plus\/#breadcrumb"},"inLanguage":"en-US","potentialAction":[{"@type":"ReadAction","target":["https:\/\/sigal.com.al\/en\/shendet-dhe-aksidente\/sigurimi-privat-i-shendetit\/jete-plus\/"]}]},{"@type":"BreadcrumbList","@id":"https:\/\/sigal.com.al\/en\/shendet-dhe-aksidente\/sigurimi-privat-i-shendetit\/jete-plus\/#breadcrumb","itemListElement":[{"@type":"ListItem","position":1,"name":"Kreu","item":"https:\/\/sigal.com.al\/en\/"},{"@type":"ListItem","position":2,"name":"Health &#038; Accident","item":"https:\/\/sigal.com.al\/en\/shendet-dhe-aksidente\/"},{"@type":"ListItem","position":3,"name":"Health Insurance","item":"https:\/\/sigal.com.al\/en\/shendet-dhe-aksidente\/sigurimi-privat-i-shendetit\/"},{"@type":"ListItem","position":4,"name":"Life Plus Insurance"}]},{"@type":"WebSite","@id":"https:\/\/sigal.com.al\/en\/#website","url":"https:\/\/sigal.com.al\/en\/","name":"SIGAL INSURANCE GROUP","description":"Kompania nr. 1 e sigurimeve","publisher":{"@id":"https:\/\/sigal.com.al\/en\/#organization"},"potentialAction":[{"@type":"SearchAction","target":{"@type":"EntryPoint","urlTemplate":"https:\/\/sigal.com.al\/en\/?s={search_term_string}"},"query-input":{"@type":"PropertyValueSpecification","valueRequired":true,"valueName":"search_term_string"}}],"inLanguage":"en-US"},{"@type":"Organization","@id":"https:\/\/sigal.com.al\/en\/#organization","name":"SIGAL INSURANCE GROUP","url":"https:\/\/sigal.com.al\/en\/","logo":{"@type":"ImageObject","inLanguage":"en-US","@id":"https:\/\/sigal.com.al\/en\/#\/schema\/logo\/image\/","url":"https:\/\/sigal.com.al\/wp-content\/uploads\/2025\/11\/b20f4b8d.jpg","contentUrl":"https:\/\/sigal.com.al\/wp-content\/uploads\/2025\/11\/b20f4b8d.jpg","width":2048,"height":2048,"caption":"SIGAL INSURANCE GROUP"},"image":{"@id":"https:\/\/sigal.com.al\/en\/#\/schema\/logo\/image\/"},"sameAs":["https:\/\/www.facebook.com\/sigal.insurance","https:\/\/x.com\/sigal_group","https:\/\/www.instagram.com\/sigal_insurance_group\/","https:\/\/www.linkedin.com\/company\/sigal-insurance-group\/","https:\/\/www.youtube.com\/@SIGALInsuranceGroup","https:\/\/en.wikipedia.org\/wiki\/SIGAL_(insurance_company)"]}]}},"post_mailing_queue_ids":[],"_links":{"self":[{"href":"https:\/\/sigal.com.al\/en\/wp-json\/wp\/v2\/pages\/1036026","targetHints":{"allow":["GET"]}}],"collection":[{"href":"https:\/\/sigal.com.al\/en\/wp-json\/wp\/v2\/pages"}],"about":[{"href":"https:\/\/sigal.com.al\/en\/wp-json\/wp\/v2\/types\/page"}],"author":[{"embeddable":true,"href":"https:\/\/sigal.com.al\/en\/wp-json\/wp\/v2\/users\/1"}],"replies":[{"embeddable":true,"href":"https:\/\/sigal.com.al\/en\/wp-json\/wp\/v2\/comments?post=1036026"}],"version-history":[{"count":7,"href":"https:\/\/sigal.com.al\/en\/wp-json\/wp\/v2\/pages\/1036026\/revisions"}],"predecessor-version":[{"id":1041531,"href":"https:\/\/sigal.com.al\/en\/wp-json\/wp\/v2\/pages\/1036026\/revisions\/1041531"}],"up":[{"embeddable":true,"href":"https:\/\/sigal.com.al\/en\/wp-json\/wp\/v2\/pages\/12956"}],"wp:attachment":[{"href":"https:\/\/sigal.com.al\/en\/wp-json\/wp\/v2\/media?parent=1036026"}],"curies":[{"name":"wp","href":"https:\/\/api.w.org\/{rel}","templated":true}]}}