{"id":1035436,"date":"2022-03-16T11:21:24","date_gmt":"2022-03-16T10:21:24","guid":{"rendered":"https:\/\/sigal.com.al\/kerkese-individuale-per-sigurimin-e-shendetit-sigal\/"},"modified":"2025-08-08T16:24:02","modified_gmt":"2025-08-08T14:24:02","slug":"kerkese-individuale-per-sigurimin-e-shendetit-sigal","status":"publish","type":"page","link":"https:\/\/sigal.com.al\/en\/kerkese-individuale-per-sigurimin-e-shendetit-sigal\/","title":{"rendered":"K\u00cbRKES\u00cb INDIVIDUALE P\u00cbR SIGURIMIN E SHENDETIT SIGAL"},"content":{"rendered":"<div class=\"wpb-content-wrapper\">[vc_section full_width=&#8221;stretch_row&#8221; css=&#8221;.vc_custom_1678870741497{margin-top: -40px !important;margin-bottom: -40px !important;background-color: #ffffff !important;}&#8221;][vc_row full_width=&#8221;stretch_row_content&#8221; css=&#8221;.vc_custom_1684153469874{margin-top: -40px !important;background-color: #eef2fa !important;}&#8221; el_class=&#8221;titulli-margin&#8221;][vc_column width=&#8221;1\/6&#8243;][\/vc_column][vc_column width=&#8221;4\/6&#8243; el_class=&#8221;first-row-landing&#8221;][vc_row_inner][vc_column_inner el_class=&#8221;wbp_class&#8221; css=&#8221;.vc_custom_1695124980640{padding-bottom: 10px !important;}&#8221;][vc_custom_heading text=&#8221;INDIVIDUAL REQUEST FOR SIGAL HEALTH INSURANCE&#8221; font_container=&#8221;tag:h1|font_size:2.5rem|text_align:left|color:%23005ca9|line_height:48px&#8221; google_fonts=&#8221;font_family:Open%20Sans%3A300%2C300italic%2Cregular%2Citalic%2C600%2C600italic%2C700%2C700italic%2C800%2C800italic|font_style:700%20bold%20regular%3A700%3Anormal&#8221; css=&#8221;&#8221; el_class=&#8221;titulli-heading1&#8243;][vc_custom_heading text=&#8221;Private health insurance is an option for covering the financial costs that every individual must bear in the event of an unexpected illness.&#8221; font_container=&#8221;tag:p|font_size:16px|text_align:left|color:%23617384|line_height:1.5rem&#8221; google_fonts=&#8221;font_family:Open%20Sans%3A300%2C300italic%2Cregular%2Citalic%2C600%2C600italic%2C700%2C700italic%2C800%2C800italic|font_style:400%20regular%3A400%3Anormal&#8221; css=&#8221;&#8221; el_class=&#8221;nentitulli&#8221;][\/vc_column_inner][\/vc_row_inner][vc_raw_html css=&#8221;&#8221;]JTVCaXB0X2ZzcW1fZm9ybSUyMGlkJTNEJTIyODglMjIlNUQ=[\/vc_raw_html][\/vc_column][vc_column width=&#8221;1\/6&#8243; css=&#8221;.vc_custom_1695120607339{padding-top: 200px !important;padding-bottom: 200px !important;background-position: center !important;background-repeat: no-repeat !important;background-size: cover !important;}&#8221;][\/vc_column][\/vc_row][vc_row][vc_column width=&#8221;1\/6&#8243;][\/vc_column][vc_column width=&#8221;4\/6&#8243;][\/vc_column][vc_column width=&#8221;1\/6&#8243;][\/vc_column][\/vc_row][\/vc_section]\n<\/div>","protected":false},"excerpt":{"rendered":"<p>[vc_section full_width=&#8221;stretch_row&#8221; css=&#8221;.vc_custom_1678870741497{margin-top: -40px !important;margin-bottom: -40px !important;background-color: #ffffff !important;}&#8221;][vc_row full_width=&#8221;stretch_row_content&#8221; css=&#8221;.vc_custom_1684153469874{margin-top: -40px !important;background-color: #eef2fa !important;}&#8221; el_class=&#8221;titulli-margin&#8221;][vc_column width=&#8221;1\/6&#8243;][\/vc_column][vc_column width=&#8221;4\/6&#8243; el_class=&#8221;first-row-landing&#8221;][vc_row_inner][vc_column_inner el_class=&#8221;wbp_class&#8221;<\/p>\n","protected":false},"author":1,"featured_media":0,"parent":0,"menu_order":0,"comment_status":"closed","ping_status":"closed","template":"","meta":{"footnotes":""},"class_list":["post-1035436","page","type-page","status-publish","hentry"],"yoast_head":"<!-- This site is optimized with the Yoast SEO plugin v27.3 - https:\/\/yoast.com\/product\/yoast-seo-wordpress\/ -->\n<title>K\u00cbRKES\u00cb INDIVIDUALE P\u00cbR SIGURIMIN E SHENDETIT SIGAL - SIGAL INSURANCE GROUP<\/title>\n<meta name=\"robots\" content=\"index, follow, max-snippet:-1, max-image-preview:large, max-video-preview:-1\" \/>\n<link rel=\"canonical\" href=\"https:\/\/sigal.com.al\/en\/kerkese-individuale-per-sigurimin-e-shendetit-sigal\/\" \/>\n<meta property=\"og:locale\" content=\"en_US\" \/>\n<meta property=\"og:type\" content=\"article\" \/>\n<meta property=\"og:title\" content=\"K\u00cbRKES\u00cb INDIVIDUALE P\u00cbR SIGURIMIN E SHENDETIT SIGAL - SIGAL INSURANCE GROUP\" \/>\n<meta property=\"og:description\" content=\"[vc_section full_width=&#8221;stretch_row&#8221; css=&#8221;.vc_custom_1678870741497{margin-top: -40px !important;margin-bottom: -40px !important;background-color: #ffffff !important;}&#8221;][vc_row full_width=&#8221;stretch_row_content&#8221; css=&#8221;.vc_custom_1684153469874{margin-top: -40px !important;background-color: #eef2fa !important;}&#8221; el_class=&#8221;titulli-margin&#8221;][vc_column width=&#8221;1\/6&#8243;][\/vc_column][vc_column width=&#8221;4\/6&#8243; el_class=&#8221;first-row-landing&#8221;][vc_row_inner][vc_column_inner el_class=&#8221;wbp_class&#8221;\" \/>\n<meta property=\"og:url\" content=\"https:\/\/sigal.com.al\/en\/kerkese-individuale-per-sigurimin-e-shendetit-sigal\/\" \/>\n<meta property=\"og:site_name\" content=\"SIGAL INSURANCE GROUP\" \/>\n<meta property=\"article:publisher\" content=\"https:\/\/www.facebook.com\/sigal.insurance\" \/>\n<meta property=\"article:modified_time\" content=\"2025-08-08T14:24:02+00:00\" \/>\n<meta property=\"og:image\" content=\"https:\/\/sigal.com.al\/wp-content\/uploads\/2025\/11\/b20f4b8d.jpg\" \/>\n\t<meta property=\"og:image:width\" content=\"2048\" \/>\n\t<meta property=\"og:image:height\" content=\"2048\" \/>\n\t<meta property=\"og:image:type\" content=\"image\/jpeg\" \/>\n<meta name=\"twitter:card\" content=\"summary_large_image\" \/>\n<meta name=\"twitter:site\" content=\"@sigal_group\" \/>\n<meta name=\"twitter:label1\" content=\"Est. reading time\" \/>\n\t<meta name=\"twitter:data1\" content=\"1 minute\" \/>\n<!-- \/ Yoast SEO plugin. -->","yoast_head_json":{"title":"K\u00cbRKES\u00cb INDIVIDUALE P\u00cbR SIGURIMIN E SHENDETIT SIGAL - SIGAL INSURANCE GROUP","robots":{"index":"index","follow":"follow","max-snippet":"max-snippet:-1","max-image-preview":"max-image-preview:large","max-video-preview":"max-video-preview:-1"},"canonical":"https:\/\/sigal.com.al\/en\/kerkese-individuale-per-sigurimin-e-shendetit-sigal\/","og_locale":"en_US","og_type":"article","og_title":"K\u00cbRKES\u00cb INDIVIDUALE P\u00cbR SIGURIMIN E SHENDETIT SIGAL - SIGAL INSURANCE GROUP","og_description":"[vc_section full_width=&#8221;stretch_row&#8221; css=&#8221;.vc_custom_1678870741497{margin-top: -40px !important;margin-bottom: -40px !important;background-color: #ffffff !important;}&#8221;][vc_row full_width=&#8221;stretch_row_content&#8221; css=&#8221;.vc_custom_1684153469874{margin-top: -40px !important;background-color: #eef2fa !important;}&#8221; el_class=&#8221;titulli-margin&#8221;][vc_column width=&#8221;1\/6&#8243;][\/vc_column][vc_column width=&#8221;4\/6&#8243; el_class=&#8221;first-row-landing&#8221;][vc_row_inner][vc_column_inner el_class=&#8221;wbp_class&#8221;","og_url":"https:\/\/sigal.com.al\/en\/kerkese-individuale-per-sigurimin-e-shendetit-sigal\/","og_site_name":"SIGAL INSURANCE GROUP","article_publisher":"https:\/\/www.facebook.com\/sigal.insurance","article_modified_time":"2025-08-08T14:24:02+00:00","og_image":[{"width":2048,"height":2048,"url":"https:\/\/sigal.com.al\/wp-content\/uploads\/2025\/11\/b20f4b8d.jpg","type":"image\/jpeg"}],"twitter_card":"summary_large_image","twitter_site":"@sigal_group","twitter_misc":{"Est. reading time":"1 minute"},"schema":{"@context":"https:\/\/schema.org","@graph":[{"@type":"WebPage","@id":"https:\/\/sigal.com.al\/en\/kerkese-individuale-per-sigurimin-e-shendetit-sigal\/","url":"https:\/\/sigal.com.al\/en\/kerkese-individuale-per-sigurimin-e-shendetit-sigal\/","name":"K\u00cbRKES\u00cb INDIVIDUALE P\u00cbR SIGURIMIN E SHENDETIT SIGAL - SIGAL INSURANCE GROUP","isPartOf":{"@id":"https:\/\/sigal.com.al\/en\/#website"},"datePublished":"2022-03-16T10:21:24+00:00","dateModified":"2025-08-08T14:24:02+00:00","breadcrumb":{"@id":"https:\/\/sigal.com.al\/en\/kerkese-individuale-per-sigurimin-e-shendetit-sigal\/#breadcrumb"},"inLanguage":"en-US","potentialAction":[{"@type":"ReadAction","target":["https:\/\/sigal.com.al\/en\/kerkese-individuale-per-sigurimin-e-shendetit-sigal\/"]}]},{"@type":"BreadcrumbList","@id":"https:\/\/sigal.com.al\/en\/kerkese-individuale-per-sigurimin-e-shendetit-sigal\/#breadcrumb","itemListElement":[{"@type":"ListItem","position":1,"name":"Kreu","item":"https:\/\/sigal.com.al\/en\/"},{"@type":"ListItem","position":2,"name":"K\u00cbRKES\u00cb INDIVIDUALE P\u00cbR SIGURIMIN E SHENDETIT SIGAL"}]},{"@type":"WebSite","@id":"https:\/\/sigal.com.al\/en\/#website","url":"https:\/\/sigal.com.al\/en\/","name":"SIGAL INSURANCE GROUP","description":"Kompania nr. 1 e sigurimeve","publisher":{"@id":"https:\/\/sigal.com.al\/en\/#organization"},"potentialAction":[{"@type":"SearchAction","target":{"@type":"EntryPoint","urlTemplate":"https:\/\/sigal.com.al\/en\/?s={search_term_string}"},"query-input":{"@type":"PropertyValueSpecification","valueRequired":true,"valueName":"search_term_string"}}],"inLanguage":"en-US"},{"@type":"Organization","@id":"https:\/\/sigal.com.al\/en\/#organization","name":"SIGAL INSURANCE GROUP","url":"https:\/\/sigal.com.al\/en\/","logo":{"@type":"ImageObject","inLanguage":"en-US","@id":"https:\/\/sigal.com.al\/en\/#\/schema\/logo\/image\/","url":"https:\/\/sigal.com.al\/wp-content\/uploads\/2025\/11\/b20f4b8d.jpg","contentUrl":"https:\/\/sigal.com.al\/wp-content\/uploads\/2025\/11\/b20f4b8d.jpg","width":2048,"height":2048,"caption":"SIGAL INSURANCE GROUP"},"image":{"@id":"https:\/\/sigal.com.al\/en\/#\/schema\/logo\/image\/"},"sameAs":["https:\/\/www.facebook.com\/sigal.insurance","https:\/\/x.com\/sigal_group","https:\/\/www.instagram.com\/sigal_insurance_group\/","https:\/\/www.linkedin.com\/company\/sigal-insurance-group\/","https:\/\/www.youtube.com\/@SIGALInsuranceGroup","https:\/\/en.wikipedia.org\/wiki\/SIGAL_(insurance_company)"]}]}},"post_mailing_queue_ids":[],"_links":{"self":[{"href":"https:\/\/sigal.com.al\/en\/wp-json\/wp\/v2\/pages\/1035436","targetHints":{"allow":["GET"]}}],"collection":[{"href":"https:\/\/sigal.com.al\/en\/wp-json\/wp\/v2\/pages"}],"about":[{"href":"https:\/\/sigal.com.al\/en\/wp-json\/wp\/v2\/types\/page"}],"author":[{"embeddable":true,"href":"https:\/\/sigal.com.al\/en\/wp-json\/wp\/v2\/users\/1"}],"replies":[{"embeddable":true,"href":"https:\/\/sigal.com.al\/en\/wp-json\/wp\/v2\/comments?post=1035436"}],"version-history":[{"count":1,"href":"https:\/\/sigal.com.al\/en\/wp-json\/wp\/v2\/pages\/1035436\/revisions"}],"predecessor-version":[{"id":1040378,"href":"https:\/\/sigal.com.al\/en\/wp-json\/wp\/v2\/pages\/1035436\/revisions\/1040378"}],"wp:attachment":[{"href":"https:\/\/sigal.com.al\/en\/wp-json\/wp\/v2\/media?parent=1035436"}],"curies":[{"name":"wp","href":"https:\/\/api.w.org\/{rel}","templated":true}]}}